{"id":5,"date":"2025-10-09T10:35:14","date_gmt":"2025-10-09T10:35:14","guid":{"rendered":"https:\/\/precisodeajuda.pt\/traficopessoas\/?page_id=5"},"modified":"2025-10-20T14:18:10","modified_gmt":"2025-10-20T14:18:10","slug":"inicio","status":"publish","type":"page","link":"https:\/\/precisodeajuda.pt\/traficopessoas\/","title":{"rendered":"In\u00edcio"},"content":{"rendered":"\t\t<div data-elementor-type=\"wp-post\" data-elementor-id=\"5\" class=\"elementor elementor-5\" data-elementor-post-type=\"page\">\n\t\t\t\t<div class=\"elementor-element elementor-element-5638cb2d e-con-full e-flex e-con e-parent\" data-id=\"5638cb2d\" data-element_type=\"container\" data-e-type=\"container\">\n\t\t<div class=\"elementor-element elementor-element-cdb0986 e-con-full e-flex e-con e-child\" data-id=\"cdb0986\" data-element_type=\"container\" data-e-type=\"container\" data-settings=\"{&quot;background_background&quot;:&quot;classic&quot;}\">\n\t\t\t\t<div class=\"elementor-element elementor-element-4617079c elementor-invisible elementor-widget elementor-widget-heading\" data-id=\"4617079c\" data-element_type=\"widget\" data-e-type=\"widget\" data-settings=\"{&quot;_animation&quot;:&quot;fadeInDown&quot;}\" data-widget_type=\"heading.default\">\n\t\t\t\t\t<h1 class=\"elementor-heading-title elementor-size-default\">Tr\u00e1fico e Explora\u00e7\u00e3o de Pessoas<\/h1>\t\t\t\t<\/div>\n\t\t\t\t<div class=\"elementor-element elementor-element-0a9e06d elementor-widget elementor-widget-text-editor\" data-id=\"0a9e06d\" data-element_type=\"widget\" data-e-type=\"widget\" data-widget_type=\"text-editor.default\">\n\t\t\t\t\t\t\t\t\t<p class=\"s8\"><span class=\"s9\">O Tr\u00e1fico de Seres Humanos ou Tr\u00e1fico de <\/span><span class=\"s9\">P<\/span><span class=\"s9\">essoas constitui uma das maiores viola\u00e7\u00f5es dos direitos humanos<\/span><span class=\"s9\">, um crime violento e complexo de combater.<\/span> <span class=\"s9\">Aproveitando as vulnerabilidades das v\u00edtimas,<\/span><span class=\"s9\"> exploradores<\/span> <span class=\"s9\">priva<\/span><span class=\"s9\">m<\/span><span class=\"s9\">&#8211;<\/span><span class=\"s9\">n<\/span><span class=\"s9\">as<\/span> <span class=\"s9\">de dignidade e<\/span> <span class=\"s9\">liberdade<\/span><span class=\"s9\"> e for\u00e7a<\/span><span class=\"s9\">m<\/span><span class=\"s9\">&#8211;<\/span><span class=\"s9\">n<\/span><span class=\"s9\">as a manterem-se em situa\u00e7\u00f5es que frequentemente as <\/span><span class=\"s9\">desumanizam, tornando-as num produto comercial. O Tr\u00e1fico de Pessoas \u00e9 uma das tr\u00eas <\/span><span class=\"s9\">actividades<\/span><span class=\"s9\"> mais <\/span><span class=\"s9\">lucrativas<\/span><span class=\"s9\"> do mundo, a par <\/span><span class=\"s9\">com o tr\u00e1fico de armas e o tr\u00e1fico de droga.<\/span><\/p><p class=\"s8\"><span class=\"s9\">Activamente<\/span><span class=\"s9\"> combatido pela maior parte dos pa\u00edses, o Tr\u00e1fico de Pessoas continua a crescer, adaptando os seus m\u00e9todos <\/span><span class=\"s9\">de recrutamento <\/span><span class=\"s9\">e formas de explora\u00e7\u00e3<\/span><span class=\"s9\">o e utilizando meios que tornam a sua identifica\u00e7\u00e3o, investiga\u00e7\u00e3o e puni\u00e7\u00e3o <\/span><span class=\"s9\">&#8230;<\/span><\/p>\t\t\t\t\t\t\t\t<\/div>\n\t\t\t\t<\/div>\n\t\t<div class=\"elementor-element elementor-element-c210d10 e-con-full e-flex e-con e-child\" data-id=\"c210d10\" data-element_type=\"container\" data-e-type=\"container\" data-settings=\"{&quot;background_background&quot;:&quot;classic&quot;}\">\n\t\t\t\t<\/div>\n\t\t\t\t<\/div>\n\t\t<div class=\"elementor-element elementor-element-17865f64 e-con-full e-flex elementor-invisible e-con e-parent\" data-id=\"17865f64\" data-element_type=\"container\" data-e-type=\"container\" data-settings=\"{&quot;animation&quot;:&quot;fadeIn&quot;}\">\n\t\t<div class=\"elementor-element elementor-element-5d752a01 e-grid e-con-full e-con e-child\" data-id=\"5d752a01\" data-element_type=\"container\" data-e-type=\"container\">\n\t\t<a class=\"elementor-element elementor-element-7a3aab0c e-con-full e-flex e-con e-child\" data-id=\"7a3aab0c\" data-element_type=\"container\" data-e-type=\"container\" data-settings=\"{&quot;background_background&quot;:&quot;classic&quot;}\" href=\"https:\/\/precisodeajuda.pt\/traficopessoas\/trafico-de-seres-humanos-e-exploracao\/\">\n\t\t<div class=\"elementor-element elementor-element-7f947b92 e-con-full e-flex e-con e-child\" data-id=\"7f947b92\" data-element_type=\"container\" data-e-type=\"container\">\n\t\t<div class=\"elementor-element elementor-element-64ed663f e-con-full e-flex e-con e-child\" data-id=\"64ed663f\" data-element_type=\"container\" data-e-type=\"container\">\n\t\t\t\t<div class=\"elementor-element elementor-element-4104c2f elementor-widget-mobile__width-initial elementor-widget__width-inherit elementor-widget elementor-widget-heading\" data-id=\"4104c2f\" data-element_type=\"widget\" data-e-type=\"widget\" data-widget_type=\"heading.default\">\n\t\t\t\t\t<h3 class=\"elementor-heading-title elementor-size-default\">Tr\u00e1fico de Seres Humanos e Explora\u00e7\u00e3o<\/h3>\t\t\t\t<\/div>\n\t\t\t\t<div class=\"elementor-element elementor-element-7af31a1f elementor-view-stacked elementor-shape-rounded elementor-widget elementor-widget-icon\" data-id=\"7af31a1f\" data-element_type=\"widget\" data-e-type=\"widget\" data-widget_type=\"icon.default\">\n\t\t\t\t\t\t\t<div class=\"elementor-icon-wrapper\">\n\t\t\t<div class=\"elementor-icon\">\n\t\t\t<svg aria-hidden=\"true\" class=\"e-font-icon-svg e-fas-chevron-right\" viewBox=\"0 0 320 512\" xmlns=\"http:\/\/www.w3.org\/2000\/svg\"><path d=\"M285.476 272.971L91.132 467.314c-9.373 9.373-24.569 9.373-33.941 0l-22.667-22.667c-9.357-9.357-9.375-24.522-.04-33.901L188.505 256 34.484 101.255c-9.335-9.379-9.317-24.544.04-33.901l22.667-22.667c9.373-9.373 24.569-9.373 33.941 0L285.475 239.03c9.373 9.372 9.373 24.568.001 33.941z\"><\/path><\/svg>\t\t\t<\/div>\n\t\t<\/div>\n\t\t\t\t\t\t<\/div>\n\t\t\t\t<\/div>\n\t\t\t\t<\/div>\n\t\t\t\t<\/a>\n\t\t<a class=\"elementor-element elementor-element-43e59851 e-con-full e-flex e-con e-child\" data-id=\"43e59851\" data-element_type=\"container\" data-e-type=\"container\" data-settings=\"{&quot;background_background&quot;:&quot;classic&quot;}\" href=\"https:\/\/precisodeajuda.pt\/traficopessoas\/o-que-fazer\/\">\n\t\t<div class=\"elementor-element elementor-element-4f7bb07a e-con-full e-flex e-con e-child\" data-id=\"4f7bb07a\" data-element_type=\"container\" data-e-type=\"container\">\n\t\t<div class=\"elementor-element elementor-element-31741022 e-con-full e-flex e-con e-child\" data-id=\"31741022\" data-element_type=\"container\" data-e-type=\"container\">\n\t\t\t\t<div class=\"elementor-element elementor-element-6e018c73 elementor-widget__width-auto elementor-widget-mobile__width-initial elementor-widget elementor-widget-heading\" data-id=\"6e018c73\" data-element_type=\"widget\" data-e-type=\"widget\" data-widget_type=\"heading.default\">\n\t\t\t\t\t<h3 class=\"elementor-heading-title elementor-size-default\">O que fazer?<\/h3>\t\t\t\t<\/div>\n\t\t\t\t<div class=\"elementor-element elementor-element-3343fba4 elementor-view-stacked elementor-shape-rounded elementor-widget elementor-widget-icon\" data-id=\"3343fba4\" data-element_type=\"widget\" data-e-type=\"widget\" data-widget_type=\"icon.default\">\n\t\t\t\t\t\t\t<div class=\"elementor-icon-wrapper\">\n\t\t\t<div class=\"elementor-icon\">\n\t\t\t<svg aria-hidden=\"true\" class=\"e-font-icon-svg e-fas-chevron-right\" viewBox=\"0 0 320 512\" xmlns=\"http:\/\/www.w3.org\/2000\/svg\"><path d=\"M285.476 272.971L91.132 467.314c-9.373 9.373-24.569 9.373-33.941 0l-22.667-22.667c-9.357-9.357-9.375-24.522-.04-33.901L188.505 256 34.484 101.255c-9.335-9.379-9.317-24.544.04-33.901l22.667-22.667c9.373-9.373 24.569-9.373 33.941 0L285.475 239.03c9.373 9.372 9.373 24.568.001 33.941z\"><\/path><\/svg>\t\t\t<\/div>\n\t\t<\/div>\n\t\t\t\t\t\t<\/div>\n\t\t\t\t<\/div>\n\t\t\t\t<\/div>\n\t\t\t\t<\/a>\n\t\t<a class=\"elementor-element elementor-element-4fefa307 e-con-full e-flex e-con e-child\" data-id=\"4fefa307\" data-element_type=\"container\" data-e-type=\"container\" data-settings=\"{&quot;background_background&quot;:&quot;classic&quot;}\" href=\"https:\/\/precisodeajuda.pt\/traficopessoas\/direitos\/\">\n\t\t<div class=\"elementor-element elementor-element-21c3141a e-con-full e-flex e-con e-child\" data-id=\"21c3141a\" data-element_type=\"container\" data-e-type=\"container\">\n\t\t<div class=\"elementor-element elementor-element-4afb0aeb e-con-full e-flex e-con e-child\" data-id=\"4afb0aeb\" data-element_type=\"container\" data-e-type=\"container\">\n\t\t\t\t<div class=\"elementor-element elementor-element-b7d672f elementor-widget__width-auto elementor-widget-mobile__width-initial elementor-widget elementor-widget-heading\" data-id=\"b7d672f\" data-element_type=\"widget\" data-e-type=\"widget\" data-widget_type=\"heading.default\">\n\t\t\t\t\t<h3 class=\"elementor-heading-title elementor-size-default\">Direitos<\/h3>\t\t\t\t<\/div>\n\t\t\t\t<div class=\"elementor-element elementor-element-254d695d elementor-view-stacked elementor-shape-rounded elementor-widget elementor-widget-icon\" data-id=\"254d695d\" data-element_type=\"widget\" data-e-type=\"widget\" data-widget_type=\"icon.default\">\n\t\t\t\t\t\t\t<div class=\"elementor-icon-wrapper\">\n\t\t\t<div class=\"elementor-icon\">\n\t\t\t<svg aria-hidden=\"true\" class=\"e-font-icon-svg e-fas-chevron-right\" viewBox=\"0 0 320 512\" xmlns=\"http:\/\/www.w3.org\/2000\/svg\"><path d=\"M285.476 272.971L91.132 467.314c-9.373 9.373-24.569 9.373-33.941 0l-22.667-22.667c-9.357-9.357-9.375-24.522-.04-33.901L188.505 256 34.484 101.255c-9.335-9.379-9.317-24.544.04-33.901l22.667-22.667c9.373-9.373 24.569-9.373 33.941 0L285.475 239.03c9.373 9.372 9.373 24.568.001 33.941z\"><\/path><\/svg>\t\t\t<\/div>\n\t\t<\/div>\n\t\t\t\t\t\t<\/div>\n\t\t\t\t<\/div>\n\t\t\t\t<\/div>\n\t\t\t\t<\/a>\n\t\t<a class=\"elementor-element elementor-element-503b0f1c e-con-full e-flex e-con e-child\" data-id=\"503b0f1c\" data-element_type=\"container\" data-e-type=\"container\" data-settings=\"{&quot;background_background&quot;:&quot;classic&quot;}\" href=\"https:\/\/precisodeajuda.pt\/traficopessoas\/apoio\/\">\n\t\t<div class=\"elementor-element elementor-element-2e8e07cc e-con-full e-flex e-con e-child\" data-id=\"2e8e07cc\" data-element_type=\"container\" data-e-type=\"container\">\n\t\t<div class=\"elementor-element elementor-element-2499cffe e-con-full e-flex e-con e-child\" data-id=\"2499cffe\" data-element_type=\"container\" data-e-type=\"container\">\n\t\t\t\t<div class=\"elementor-element elementor-element-5a06c62e elementor-widget__width-auto elementor-widget-mobile__width-initial elementor-widget elementor-widget-heading\" data-id=\"5a06c62e\" data-element_type=\"widget\" data-e-type=\"widget\" data-widget_type=\"heading.default\">\n\t\t\t\t\t<h3 class=\"elementor-heading-title elementor-size-default\">Apoio<\/h3>\t\t\t\t<\/div>\n\t\t\t\t<div class=\"elementor-element elementor-element-3b6052f elementor-view-stacked elementor-shape-rounded elementor-widget elementor-widget-icon\" data-id=\"3b6052f\" data-element_type=\"widget\" data-e-type=\"widget\" data-widget_type=\"icon.default\">\n\t\t\t\t\t\t\t<div class=\"elementor-icon-wrapper\">\n\t\t\t<div class=\"elementor-icon\">\n\t\t\t<svg aria-hidden=\"true\" class=\"e-font-icon-svg e-fas-chevron-right\" viewBox=\"0 0 320 512\" xmlns=\"http:\/\/www.w3.org\/2000\/svg\"><path d=\"M285.476 272.971L91.132 467.314c-9.373 9.373-24.569 9.373-33.941 0l-22.667-22.667c-9.357-9.357-9.375-24.522-.04-33.901L188.505 256 34.484 101.255c-9.335-9.379-9.317-24.544.04-33.901l22.667-22.667c9.373-9.373 24.569-9.373 33.941 0L285.475 239.03c9.373 9.372 9.373 24.568.001 33.941z\"><\/path><\/svg>\t\t\t<\/div>\n\t\t<\/div>\n\t\t\t\t\t\t<\/div>\n\t\t\t\t<\/div>\n\t\t\t\t<\/div>\n\t\t\t\t<\/a>\n\t\t<a class=\"elementor-element elementor-element-2636ff2 e-con-full e-flex e-con e-child\" data-id=\"2636ff2\" data-element_type=\"container\" data-e-type=\"container\" data-settings=\"{&quot;background_background&quot;:&quot;classic&quot;}\" href=\"https:\/\/precisodeajuda.pt\/traficopessoas\/informacoes-uteis\/\">\n\t\t<div class=\"elementor-element elementor-element-5d5527b e-con-full e-flex e-con e-child\" data-id=\"5d5527b\" data-element_type=\"container\" data-e-type=\"container\">\n\t\t<div class=\"elementor-element elementor-element-d45af15 e-con-full e-flex e-con e-child\" data-id=\"d45af15\" data-element_type=\"container\" data-e-type=\"container\">\n\t\t\t\t<div class=\"elementor-element elementor-element-649133d elementor-widget__width-auto elementor-widget-mobile__width-initial elementor-widget elementor-widget-heading\" data-id=\"649133d\" data-element_type=\"widget\" data-e-type=\"widget\" data-widget_type=\"heading.default\">\n\t\t\t\t\t<h3 class=\"elementor-heading-title elementor-size-default\">Informa\u00e7\u00f5es \u00dateis<\/h3>\t\t\t\t<\/div>\n\t\t\t\t<div class=\"elementor-element elementor-element-35fa370 elementor-view-stacked elementor-shape-rounded elementor-widget elementor-widget-icon\" data-id=\"35fa370\" data-element_type=\"widget\" data-e-type=\"widget\" data-widget_type=\"icon.default\">\n\t\t\t\t\t\t\t<div class=\"elementor-icon-wrapper\">\n\t\t\t<div class=\"elementor-icon\">\n\t\t\t<svg aria-hidden=\"true\" class=\"e-font-icon-svg e-fas-chevron-right\" viewBox=\"0 0 320 512\" xmlns=\"http:\/\/www.w3.org\/2000\/svg\"><path d=\"M285.476 272.971L91.132 467.314c-9.373 9.373-24.569 9.373-33.941 0l-22.667-22.667c-9.357-9.357-9.375-24.522-.04-33.901L188.505 256 34.484 101.255c-9.335-9.379-9.317-24.544.04-33.901l22.667-22.667c9.373-9.373 24.569-9.373 33.941 0L285.475 239.03c9.373 9.372 9.373 24.568.001 33.941z\"><\/path><\/svg>\t\t\t<\/div>\n\t\t<\/div>\n\t\t\t\t\t\t<\/div>\n\t\t\t\t<\/div>\n\t\t\t\t<\/div>\n\t\t\t\t<\/a>\n\t\t\t\t<\/div>\n\t\t\t\t<\/div>\n\t\t\t\t<\/div>\n\t\t","protected":false},"excerpt":{"rendered":"<p>Tr\u00e1fico e Explora\u00e7\u00e3o de Pessoas O Tr\u00e1fico de Seres Humanos ou Tr\u00e1fico de Pessoas constitui uma das maiores viola\u00e7\u00f5es dos direitos humanos, um crime violento e complexo de combater. Aproveitando as vulnerabilidades das v\u00edtimas, exploradores privam-nas de dignidade e liberdade e for\u00e7am-nas a manterem-se em situa\u00e7\u00f5es que frequentemente as desumanizam, tornando-as num produto comercial. O [&hellip;]<\/p>\n","protected":false},"author":1,"featured_media":0,"parent":0,"menu_order":0,"comment_status":"closed","ping_status":"closed","template":"elementor_header_footer","meta":{"footnotes":""},"class_list":["post-5","page","type-page","status-publish","hentry"],"_links":{"self":[{"href":"https:\/\/precisodeajuda.pt\/traficopessoas\/wp-json\/wp\/v2\/pages\/5","targetHints":{"allow":["GET"]}}],"collection":[{"href":"https:\/\/precisodeajuda.pt\/traficopessoas\/wp-json\/wp\/v2\/pages"}],"about":[{"href":"https:\/\/precisodeajuda.pt\/traficopessoas\/wp-json\/wp\/v2\/types\/page"}],"author":[{"embeddable":true,"href":"https:\/\/precisodeajuda.pt\/traficopessoas\/wp-json\/wp\/v2\/users\/1"}],"replies":[{"embeddable":true,"href":"https:\/\/precisodeajuda.pt\/traficopessoas\/wp-json\/wp\/v2\/comments?post=5"}],"version-history":[{"count":31,"href":"https:\/\/precisodeajuda.pt\/traficopessoas\/wp-json\/wp\/v2\/pages\/5\/revisions"}],"predecessor-version":[{"id":436,"href":"https:\/\/precisodeajuda.pt\/traficopessoas\/wp-json\/wp\/v2\/pages\/5\/revisions\/436"}],"wp:attachment":[{"href":"https:\/\/precisodeajuda.pt\/traficopessoas\/wp-json\/wp\/v2\/media?parent=5"}],"curies":[{"name":"wp","href":"https:\/\/api.w.org\/{rel}","templated":true}]}}