{"id":147,"date":"2025-10-16T10:50:25","date_gmt":"2025-10-16T10:50:25","guid":{"rendered":"https:\/\/precisodeajuda.pt\/traficopessoas\/?page_id=147"},"modified":"2025-10-21T13:05:21","modified_gmt":"2025-10-21T13:05:21","slug":"direitos","status":"publish","type":"page","link":"https:\/\/precisodeajuda.pt\/traficopessoas\/direitos\/","title":{"rendered":"Direitos"},"content":{"rendered":"\t\t<div data-elementor-type=\"wp-page\" data-elementor-id=\"147\" class=\"elementor elementor-147\" data-elementor-post-type=\"page\">\n\t\t\t\t<div class=\"elementor-element elementor-element-521526a1 e-con-full e-transform e-transform e-flex e-con e-parent\" data-id=\"521526a1\" data-element_type=\"container\" data-e-type=\"container\" data-settings=\"{&quot;_transform_scale_effect&quot;:{&quot;unit&quot;:&quot;px&quot;,&quot;size&quot;:&quot;&quot;,&quot;sizes&quot;:[]},&quot;_transform_scale_effect_tablet&quot;:{&quot;unit&quot;:&quot;px&quot;,&quot;size&quot;:&quot;&quot;,&quot;sizes&quot;:[]},&quot;_transform_scale_effect_mobile&quot;:{&quot;unit&quot;:&quot;px&quot;,&quot;size&quot;:&quot;&quot;,&quot;sizes&quot;:[]},&quot;_transform_skewX_effect&quot;:{&quot;unit&quot;:&quot;px&quot;,&quot;size&quot;:&quot;&quot;,&quot;sizes&quot;:[]},&quot;_transform_skewX_effect_tablet&quot;:{&quot;unit&quot;:&quot;deg&quot;,&quot;size&quot;:&quot;&quot;,&quot;sizes&quot;:[]},&quot;_transform_skewX_effect_mobile&quot;:{&quot;unit&quot;:&quot;deg&quot;,&quot;size&quot;:&quot;&quot;,&quot;sizes&quot;:[]},&quot;_transform_skewY_effect&quot;:{&quot;unit&quot;:&quot;px&quot;,&quot;size&quot;:&quot;&quot;,&quot;sizes&quot;:[]},&quot;_transform_skewY_effect_tablet&quot;:{&quot;unit&quot;:&quot;deg&quot;,&quot;size&quot;:&quot;&quot;,&quot;sizes&quot;:[]},&quot;_transform_skewY_effect_mobile&quot;:{&quot;unit&quot;:&quot;deg&quot;,&quot;size&quot;:&quot;&quot;,&quot;sizes&quot;:[]}}\">\n\t\t<div class=\"elementor-element elementor-element-1a99f1ac e-con-full e-flex e-con e-child\" data-id=\"1a99f1ac\" data-element_type=\"container\" data-e-type=\"container\" data-settings=\"{&quot;background_background&quot;:&quot;classic&quot;}\">\n\t\t<div class=\"elementor-element elementor-element-54248206 e-con-full e-flex e-con e-child\" data-id=\"54248206\" data-element_type=\"container\" data-e-type=\"container\">\n\t\t\t\t<div class=\"elementor-element elementor-element-796d1959 elementor-widget elementor-widget-heading\" data-id=\"796d1959\" data-element_type=\"widget\" data-e-type=\"widget\" data-widget_type=\"heading.default\">\n\t\t\t\t\t<h1 class=\"elementor-heading-title elementor-size-default\">Direitos<\/h1>\t\t\t\t<\/div>\n\t\t\t\t<\/div>\n\t\t\t\t<\/div>\n\t\t\t\t<\/div>\n\t\t<div class=\"elementor-element elementor-element-acfbdb2 e-flex e-con-boxed e-con e-parent\" data-id=\"acfbdb2\" data-element_type=\"container\" data-e-type=\"container\">\n\t\t\t\t\t<div class=\"e-con-inner\">\n\t\t\t\t<div class=\"elementor-element elementor-element-e27f9a1 elementor-widget-divider--view-line elementor-widget elementor-widget-divider\" data-id=\"e27f9a1\" data-element_type=\"widget\" data-e-type=\"widget\" data-widget_type=\"divider.default\">\n\t\t\t\t\t\t\t<div class=\"elementor-divider\">\n\t\t\t<span class=\"elementor-divider-separator\">\n\t\t\t\t\t\t<\/span>\n\t\t<\/div>\n\t\t\t\t\t\t<\/div>\n\t\t\t\t\t<\/div>\n\t\t\t\t<\/div>\n\t\t<div class=\"elementor-element elementor-element-f15e1ac e-con-full e-flex e-con e-parent\" data-id=\"f15e1ac\" data-element_type=\"container\" data-e-type=\"container\">\n\t\t<div class=\"elementor-element elementor-element-22b80e7 e-con-full e-flex e-con e-child\" data-id=\"22b80e7\" data-element_type=\"container\" data-e-type=\"container\" data-settings=\"{&quot;background_background&quot;:&quot;classic&quot;}\">\n\t\t\t\t<div class=\"elementor-element elementor-element-801485f elementor-widget elementor-widget-text-editor\" data-id=\"801485f\" data-element_type=\"widget\" data-e-type=\"widget\" data-widget_type=\"text-editor.default\">\n\t\t\t\t\t\t\t\t\t<p>Em Portugal, todas a v\u00edtimas de crime t\u00eam direitos que lhes s\u00e3o concedidos por lei garantindo que recebem informa\u00e7\u00e3o clara e acessivel (incluindo com recurso a interpretes), que t\u00eam acesso a protec\u00e7\u00e3o e apoio especializado e que participam no processo penal. Mais informa\u00e7\u00e3o sobre os direitos de v\u00edtimas de crime aqui:<\/p><p><a href=\"https:\/\/www.infovitimas.pt\/\" target=\"_blank\" rel=\"noopener\"><img decoding=\"async\" class=\"alignnone\" src=\"https:\/\/i0.wp.com\/apav.pt\/wp-content\/uploads\/2025\/05\/INFOVitimas.png?fit=300%2C52&amp;ssl=1\" alt=\"InfoV\u00edtimas: Conhe\u00e7a os seus Direitos!\" width=\"300\" height=\"52\" \/><\/a><\/p><p>Adicionalmente, as v\u00edtimas especialmente vulner\u00e1veis incluindo as v\u00edtimas de trafico de seres humanos t\u00eam direitos espec\u00edficos.<\/p><p><strong>Alguns direitos espec\u00edficos de v\u00edtimas de tr\u00e1fico de pessoas:<\/strong><\/p><p><img decoding=\"async\" class=\"alignnone wp-image-369\" src=\"\/wp-content\/uploads\/sites\/7\/2025\/10\/iconeInfo.png\" alt=\"\" width=\"26\" height=\"25\" \/> <strong>Direito a receber apoio adaptado \u00e0 sua situa\u00e7\u00e3o<br \/><\/strong>Seja qual for a sua nacionalidade, tem direito a ajuda personalizada, adaptada \u00e0 situa\u00e7\u00e3o em que est\u00e1, para garantir a sua prote\u00e7\u00e3o. Este apoio pode incluir, por exemplo: atendimento e aconselhamento especializado; acolhimento; acesso a cuidados de saude.<br \/><br \/><\/p><p><strong><img decoding=\"async\" class=\"alignnone wp-image-369\" src=\"\/wp-content\/uploads\/sites\/7\/2025\/10\/iconeInfo.png\" alt=\"\" width=\"26\" height=\"25\" \/> Direito a ser informado\/a sobre a possibilidade de pedir prote\u00e7\u00e3o internacional<br \/><\/strong>Tem o direito a ser informado\/a de que pode apresentar um pedido de prote\u00e7\u00e3o internacional para n\u00e3o ter de deixar Portugal (n\u00e3o ser alvo de expuls\u00e3o ou repuls\u00e3o) caso no local ou pa\u00eds de destino a sua vida ou liberdade estejam amea\u00e7adas.<br \/><br \/><\/p><p><strong><img decoding=\"async\" class=\"alignnone wp-image-369\" src=\"\/wp-content\/uploads\/sites\/7\/2025\/10\/iconeInfo.png\" alt=\"\" width=\"26\" height=\"25\" \/> Direito a um tempo para decidir se quer colaborar com as autoridades<br \/><\/strong>Tem direito a um per\u00edodo de tempo, que pode durar entre 30 e 60 dias, para a sua recupera\u00e7\u00e3o, longe da influ\u00eancia de quem foi respons\u00e1vel pelo crime. Chama-se a este tempo o \u201cprazo de reflex\u00e3o\u201d. Serve para que pense com calma e decida de forma informada se quer ou n\u00e3o colaborar com a autoridade policial e o Minist\u00e9rio P\u00fablico no processo para investigar o crime de que foi v\u00edtima. Durante este per\u00edodo n\u00e3o pode estar afastado\/a do pa\u00eds. O per\u00edodo de reflex\u00e3o pode ser alargado no caso de crian\u00e7as e jovens com menos de 18 anos.<\/p><p>Durante este tempo tem direito a receber apoio especializado.<br \/><br \/><\/p><p><strong><img decoding=\"async\" class=\"alignnone wp-image-369\" src=\"\/wp-content\/uploads\/sites\/7\/2025\/10\/iconeInfo.png\" alt=\"\" width=\"26\" height=\"25\" \/> Direito a que lhe seja atribu\u00edda autoriza\u00e7\u00e3o de resid\u00eancia se reunir as condi\u00e7\u00f5es necess\u00e1rias<br \/><\/strong>Se n\u00e3o tiver nacionalidade portuguesa, pode ter direito a uma autoriza\u00e7\u00e3o de resid\u00eancia para permanecer em Portugal. Para que lhe seja atribu\u00edda, tem de reunir as seguintes condi\u00e7\u00f5es: que esteja em Portugal e que colabore na investiga\u00e7\u00e3o; que demonstre claramente que quer colaborar com as autoridades; cortar todas as rela\u00e7\u00f5es com quem praticou o crime de tr\u00e1fico; n\u00e3o ser um risco para a seguran\u00e7a do pa\u00eds.<\/p><p>Esta autoriza\u00e7\u00e3o de resid\u00eancia \u00e9 v\u00e1lida durante 1 ano e pode ser retirada se n\u00e3o forem cumpridas as condi\u00e7\u00f5es estipuladas.<br \/><br \/><\/p><p><strong><img decoding=\"async\" class=\"alignnone wp-image-369\" src=\"\/wp-content\/uploads\/sites\/7\/2025\/10\/iconeInfo.png\" alt=\"\" width=\"26\" height=\"25\" \/> Direito a ter prote\u00e7\u00e3o tempor\u00e1ria se n\u00e3o receber autoriza\u00e7\u00e3o para ficar em Portugal e\/ou apoio para regressar ao seu pa\u00eds de origem<br \/><br \/><\/strong><\/p><p><strong><img decoding=\"async\" class=\"alignnone wp-image-369\" src=\"\/wp-content\/uploads\/sites\/7\/2025\/10\/iconeInfo.png\" alt=\"\" width=\"26\" height=\"25\" \/> Direito a n\u00e3o lhe ser atribu\u00edda responsabilidade por ter cometido crimes a que foi obrigado\/a enquanto era v\u00edtima de tr\u00e1fico de pessoas<\/strong><\/p>\t\t\t\t\t\t\t\t<\/div>\n\t\t\t\t<\/div>\n\t\t\t\t<\/div>\n\t\t\t\t<\/div>\n\t\t","protected":false},"excerpt":{"rendered":"<p>Direitos Em Portugal, todas a v\u00edtimas de crime t\u00eam direitos que lhes s\u00e3o concedidos por lei garantindo que recebem informa\u00e7\u00e3o clara e acessivel (incluindo com recurso a interpretes), que t\u00eam acesso a protec\u00e7\u00e3o e apoio especializado e que participam no processo penal. Mais informa\u00e7\u00e3o sobre os direitos de v\u00edtimas de crime aqui: Adicionalmente, as v\u00edtimas [&hellip;]<\/p>\n","protected":false},"author":2,"featured_media":0,"parent":0,"menu_order":0,"comment_status":"closed","ping_status":"closed","template":"elementor_header_footer","meta":{"footnotes":""},"class_list":["post-147","page","type-page","status-publish","hentry"],"_links":{"self":[{"href":"https:\/\/precisodeajuda.pt\/traficopessoas\/wp-json\/wp\/v2\/pages\/147","targetHints":{"allow":["GET"]}}],"collection":[{"href":"https:\/\/precisodeajuda.pt\/traficopessoas\/wp-json\/wp\/v2\/pages"}],"about":[{"href":"https:\/\/precisodeajuda.pt\/traficopessoas\/wp-json\/wp\/v2\/types\/page"}],"author":[{"embeddable":true,"href":"https:\/\/precisodeajuda.pt\/traficopessoas\/wp-json\/wp\/v2\/users\/2"}],"replies":[{"embeddable":true,"href":"https:\/\/precisodeajuda.pt\/traficopessoas\/wp-json\/wp\/v2\/comments?post=147"}],"version-history":[{"count":37,"href":"https:\/\/precisodeajuda.pt\/traficopessoas\/wp-json\/wp\/v2\/pages\/147\/revisions"}],"predecessor-version":[{"id":495,"href":"https:\/\/precisodeajuda.pt\/traficopessoas\/wp-json\/wp\/v2\/pages\/147\/revisions\/495"}],"wp:attachment":[{"href":"https:\/\/precisodeajuda.pt\/traficopessoas\/wp-json\/wp\/v2\/media?parent=147"}],"curies":[{"name":"wp","href":"https:\/\/api.w.org\/{rel}","templated":true}]}}