{"id":127,"date":"2025-10-16T09:57:03","date_gmt":"2025-10-16T09:57:03","guid":{"rendered":"https:\/\/precisodeajuda.pt\/traficopessoas\/?page_id=127"},"modified":"2025-10-21T13:08:21","modified_gmt":"2025-10-21T13:08:21","slug":"apoio","status":"publish","type":"page","link":"https:\/\/precisodeajuda.pt\/traficopessoas\/apoio\/","title":{"rendered":"Apoio"},"content":{"rendered":"\t\t<div data-elementor-type=\"wp-page\" data-elementor-id=\"127\" class=\"elementor elementor-127\" data-elementor-post-type=\"page\">\n\t\t\t\t<div class=\"elementor-element elementor-element-521526a1 e-con-full e-transform e-transform e-flex e-con e-parent\" data-id=\"521526a1\" data-element_type=\"container\" data-e-type=\"container\" data-settings=\"{&quot;_transform_scale_effect&quot;:{&quot;unit&quot;:&quot;px&quot;,&quot;size&quot;:&quot;&quot;,&quot;sizes&quot;:[]},&quot;_transform_scale_effect_tablet&quot;:{&quot;unit&quot;:&quot;px&quot;,&quot;size&quot;:&quot;&quot;,&quot;sizes&quot;:[]},&quot;_transform_scale_effect_mobile&quot;:{&quot;unit&quot;:&quot;px&quot;,&quot;size&quot;:&quot;&quot;,&quot;sizes&quot;:[]},&quot;_transform_skewX_effect&quot;:{&quot;unit&quot;:&quot;px&quot;,&quot;size&quot;:&quot;&quot;,&quot;sizes&quot;:[]},&quot;_transform_skewX_effect_tablet&quot;:{&quot;unit&quot;:&quot;deg&quot;,&quot;size&quot;:&quot;&quot;,&quot;sizes&quot;:[]},&quot;_transform_skewX_effect_mobile&quot;:{&quot;unit&quot;:&quot;deg&quot;,&quot;size&quot;:&quot;&quot;,&quot;sizes&quot;:[]},&quot;_transform_skewY_effect&quot;:{&quot;unit&quot;:&quot;px&quot;,&quot;size&quot;:&quot;&quot;,&quot;sizes&quot;:[]},&quot;_transform_skewY_effect_tablet&quot;:{&quot;unit&quot;:&quot;deg&quot;,&quot;size&quot;:&quot;&quot;,&quot;sizes&quot;:[]},&quot;_transform_skewY_effect_mobile&quot;:{&quot;unit&quot;:&quot;deg&quot;,&quot;size&quot;:&quot;&quot;,&quot;sizes&quot;:[]}}\">\n\t\t<div class=\"elementor-element elementor-element-1a99f1ac e-con-full e-flex e-con e-child\" data-id=\"1a99f1ac\" data-element_type=\"container\" data-e-type=\"container\" data-settings=\"{&quot;background_background&quot;:&quot;classic&quot;}\">\n\t\t<div class=\"elementor-element elementor-element-54248206 e-con-full e-flex e-con e-child\" data-id=\"54248206\" data-element_type=\"container\" data-e-type=\"container\">\n\t\t\t\t<div class=\"elementor-element elementor-element-796d1959 elementor-widget elementor-widget-heading\" data-id=\"796d1959\" data-element_type=\"widget\" data-e-type=\"widget\" data-widget_type=\"heading.default\">\n\t\t\t\t\t<h1 class=\"elementor-heading-title elementor-size-default\">O Apoio da APAV<\/h1>\t\t\t\t<\/div>\n\t\t\t\t<\/div>\n\t\t\t\t<\/div>\n\t\t\t\t<\/div>\n\t\t<div class=\"elementor-element elementor-element-acfbdb2 e-flex e-con-boxed e-con e-parent\" data-id=\"acfbdb2\" data-element_type=\"container\" data-e-type=\"container\">\n\t\t\t\t\t<div class=\"e-con-inner\">\n\t\t\t\t<div class=\"elementor-element elementor-element-e27f9a1 elementor-widget-divider--view-line elementor-widget elementor-widget-divider\" data-id=\"e27f9a1\" data-element_type=\"widget\" data-e-type=\"widget\" data-widget_type=\"divider.default\">\n\t\t\t\t\t\t\t<div class=\"elementor-divider\">\n\t\t\t<span class=\"elementor-divider-separator\">\n\t\t\t\t\t\t<\/span>\n\t\t<\/div>\n\t\t\t\t\t\t<\/div>\n\t\t\t\t\t<\/div>\n\t\t\t\t<\/div>\n\t\t<div class=\"elementor-element elementor-element-f15e1ac e-con-full e-flex e-con e-parent\" data-id=\"f15e1ac\" data-element_type=\"container\" data-e-type=\"container\" data-settings=\"{&quot;background_background&quot;:&quot;classic&quot;}\">\n\t\t<div class=\"elementor-element elementor-element-22b80e7 e-con-full e-flex e-con e-child\" data-id=\"22b80e7\" data-element_type=\"container\" data-e-type=\"container\" data-settings=\"{&quot;background_background&quot;:&quot;classic&quot;}\">\n\t\t<div class=\"elementor-element elementor-element-25d83c9 e-con-full e-flex e-con e-child\" data-id=\"25d83c9\" data-element_type=\"container\" data-e-type=\"container\">\n\t\t\t\t<div class=\"elementor-element elementor-element-c223a04 elementor-widget__width-initial elementor-widget elementor-widget-text-editor\" data-id=\"c223a04\" data-element_type=\"widget\" data-e-type=\"widget\" data-widget_type=\"text-editor.default\">\n\t\t\t\t\t\t\t\t\t<p>A APAV presta apoio especializado a pessoas v\u00edtimas de explora\u00e7\u00e3o e trafico de pessoas.<\/p><p>Os nossos servi\u00e7os s\u00e3o gratuitos e confidenciais e ser\u00e3o, sempre que poss\u00edvel, prestados numa l\u00edngua que a v\u00edtima compreenda ou com recurso a int\u00e9rpretes.<\/p><p>Prestamos aconselhamento, informa\u00e7\u00e3o e assist\u00eancia especializada:<\/p><ul><li>Apoio jur\u00eddico<\/li><li>Apoio psicol\u00f3gico<\/li><li>Apoio social, incluindo acolhimento em estruturas especializadas<\/li><li>Apoio no contacto com as autoridades policiais, tribunais e acompanhamento em dilig\u00eancias<\/li><li>Articula\u00e7\u00e3o e colabora\u00e7\u00e3o com outras entidades e servi\u00e7os especializados<br \/><br \/><\/li><\/ul><p>A APAV SAFE \u00e9 uma resposta especializada no apoio a pessoas de nacionalidade n\u00e3o portuguesa &#8211; imigrantes, refugiados, requerentes de asilo e turistas &#8211; ou pessoas que se encontrem em Portugal temporariamente por outros motivos &#8211; que tenham sido v\u00edtimas de qualquer tipo de crime ou viol\u00eancia. \u00c9 ainda especializada na interven\u00e7\u00e3o com v\u00edtimas dos seguintes crimes espec\u00edficos, xq da nacionalidade da v\u00edtima: tr\u00e1fico de seres humanos, v\u00e1rias formas de explora\u00e7\u00e3o, crimes de \u00f3dio e discrimina\u00e7\u00e3o, bem como pr\u00e1ticas tradicionais nefastas (mutila\u00e7\u00e3o genital feminina, casamento for\u00e7ado e crimes de honra).<\/p><p>Sediada nos Servi\u00e7os de Apoio \u00e0 V\u00edtima de Lisboa, constitui-se como uma unidade central especializada de apoio aos demais servi\u00e7os permitindo o apoio qualificado a pessoas que pelas suas circunst\u00e2ncias e\/ou caracter\u00edsticas, bem como pela especificidade dos crimes e formas de viol\u00eancia de que foram v\u00edtimas, se tornam particularmente vulner\u00e1veis.<\/p><p>A APAV tenta adequar o seu apoio \u00e0s necessidades espec\u00edficas das pessoas, tendo em considera\u00e7\u00e3o as suas caracter\u00edsticas culturais, obst\u00e1culos que enfrentam e vulnerabilidades.<\/p><p>O apoio que prestamos pretende garantir sempre que poss\u00edvel a participa\u00e7\u00e3o da v\u00edtima no processo crime, mesmo que n\u00e3o permane\u00e7a em Portugal.<\/p>\t\t\t\t\t\t\t\t<\/div>\n\t\t<div class=\"elementor-element elementor-element-5f29a1a e-con-full e-flex e-con e-child\" data-id=\"5f29a1a\" data-element_type=\"container\" data-e-type=\"container\" data-settings=\"{&quot;background_background&quot;:&quot;classic&quot;}\">\n\t\t\t\t<div class=\"elementor-element elementor-element-b34b25f elementor-widget elementor-widget-image\" data-id=\"b34b25f\" data-element_type=\"widget\" data-e-type=\"widget\" data-widget_type=\"image.default\">\n\t\t\t\t\t\t\t\t\t\t\t\t\t\t\t<img fetchpriority=\"high\" decoding=\"async\" width=\"1467\" height=\"406\" src=\"\/wp-content\/uploads\/sites\/7\/2025\/10\/logo_apavSAFE.png\" class=\"attachment-full size-full wp-image-244\" alt=\"\" srcset=\"\/wp-content\/uploads\/sites\/7\/2025\/10\/logo_apavSAFE.png 1467w, \/wp-content\/uploads\/sites\/7\/2025\/10\/logo_apavSAFE-300x83.png 300w, \/wp-content\/uploads\/sites\/7\/2025\/10\/logo_apavSAFE-1024x283.png 1024w, \/wp-content\/uploads\/sites\/7\/2025\/10\/logo_apavSAFE-768x213.png 768w\" sizes=\"(max-width: 1467px) 100vw, 1467px\" \/>\t\t\t\t\t\t\t\t\t\t\t\t\t\t\t<\/div>\n\t\t\t\t<div class=\"elementor-element elementor-element-9dbf9f1 elementor-widget__width-initial elementor-widget elementor-widget-text-editor\" data-id=\"9dbf9f1\" data-element_type=\"widget\" data-e-type=\"widget\" data-widget_type=\"text-editor.default\">\n\t\t\t\t\t\t\t\t\t<p>Rua Jos\u00e9 Estev\u00e3o 135 A<br \/>1150-201 LISBOA<br \/><br \/><a href=\"tel:213587914\">21 358 79 14<\/a><br \/><a href=\"mailto:safe@apav.pt\">safe@apav.pt<\/a><br \/><br \/>dias \u00fateis: <br \/>10H00-13H00\u00a0<br \/>14H00-17H30<\/p>\t\t\t\t\t\t\t\t<\/div>\n\t\t\t\t<div class=\"elementor-element elementor-element-64cc069 elementor-align-left elementor-widget elementor-widget-button\" data-id=\"64cc069\" data-element_type=\"widget\" data-e-type=\"widget\" data-widget_type=\"button.default\">\n\t\t\t\t\t\t\t\t\t\t<a class=\"elementor-button elementor-button-link elementor-size-sm\" href=\"mailto:safe@apav.pt\">\n\t\t\t\t\t\t<span class=\"elementor-button-content-wrapper\">\n\t\t\t\t\t\t\t\t\t<span class=\"elementor-button-text\">Contactar<\/span>\n\t\t\t\t\t<\/span>\n\t\t\t\t\t<\/a>\n\t\t\t\t\t\t\t\t<\/div>\n\t\t\t\t<\/div>\n\t\t\t\t<\/div>\n\t\t\t\t<\/div>\n\t\t\t\t<\/div>\n\t\t\t\t<\/div>\n\t\t","protected":false},"excerpt":{"rendered":"<p>O Apoio da APAV A APAV presta apoio especializado a pessoas v\u00edtimas de explora\u00e7\u00e3o e trafico de pessoas. Os nossos servi\u00e7os s\u00e3o gratuitos e confidenciais e ser\u00e3o, sempre que poss\u00edvel, prestados numa l\u00edngua que a v\u00edtima compreenda ou com recurso a int\u00e9rpretes. Prestamos aconselhamento, informa\u00e7\u00e3o e assist\u00eancia especializada: Apoio jur\u00eddico Apoio psicol\u00f3gico Apoio social, incluindo [&hellip;]<\/p>\n","protected":false},"author":2,"featured_media":0,"parent":0,"menu_order":0,"comment_status":"closed","ping_status":"closed","template":"elementor_header_footer","meta":{"footnotes":""},"class_list":["post-127","page","type-page","status-publish","hentry"],"_links":{"self":[{"href":"https:\/\/precisodeajuda.pt\/traficopessoas\/wp-json\/wp\/v2\/pages\/127","targetHints":{"allow":["GET"]}}],"collection":[{"href":"https:\/\/precisodeajuda.pt\/traficopessoas\/wp-json\/wp\/v2\/pages"}],"about":[{"href":"https:\/\/precisodeajuda.pt\/traficopessoas\/wp-json\/wp\/v2\/types\/page"}],"author":[{"embeddable":true,"href":"https:\/\/precisodeajuda.pt\/traficopessoas\/wp-json\/wp\/v2\/users\/2"}],"replies":[{"embeddable":true,"href":"https:\/\/precisodeajuda.pt\/traficopessoas\/wp-json\/wp\/v2\/comments?post=127"}],"version-history":[{"count":58,"href":"https:\/\/precisodeajuda.pt\/traficopessoas\/wp-json\/wp\/v2\/pages\/127\/revisions"}],"predecessor-version":[{"id":498,"href":"https:\/\/precisodeajuda.pt\/traficopessoas\/wp-json\/wp\/v2\/pages\/127\/revisions\/498"}],"wp:attachment":[{"href":"https:\/\/precisodeajuda.pt\/traficopessoas\/wp-json\/wp\/v2\/media?parent=127"}],"curies":[{"name":"wp","href":"https:\/\/api.w.org\/{rel}","templated":true}]}}