{"id":123,"date":"2025-10-16T09:39:57","date_gmt":"2025-10-16T09:39:57","guid":{"rendered":"https:\/\/precisodeajuda.pt\/traficopessoas\/?page_id=123"},"modified":"2025-10-23T13:13:33","modified_gmt":"2025-10-23T13:13:33","slug":"o-que-fazer","status":"publish","type":"page","link":"https:\/\/precisodeajuda.pt\/traficopessoas\/o-que-fazer\/","title":{"rendered":"O que fazer?"},"content":{"rendered":"\t\t<div data-elementor-type=\"wp-page\" data-elementor-id=\"123\" class=\"elementor elementor-123\" data-elementor-post-type=\"page\">\n\t\t\t\t<div class=\"elementor-element elementor-element-521526a1 e-con-full e-transform e-transform e-flex e-con e-parent\" data-id=\"521526a1\" data-element_type=\"container\" data-e-type=\"container\" data-settings=\"{&quot;_transform_scale_effect&quot;:{&quot;unit&quot;:&quot;px&quot;,&quot;size&quot;:&quot;&quot;,&quot;sizes&quot;:[]},&quot;_transform_scale_effect_tablet&quot;:{&quot;unit&quot;:&quot;px&quot;,&quot;size&quot;:&quot;&quot;,&quot;sizes&quot;:[]},&quot;_transform_scale_effect_mobile&quot;:{&quot;unit&quot;:&quot;px&quot;,&quot;size&quot;:&quot;&quot;,&quot;sizes&quot;:[]},&quot;_transform_skewX_effect&quot;:{&quot;unit&quot;:&quot;px&quot;,&quot;size&quot;:&quot;&quot;,&quot;sizes&quot;:[]},&quot;_transform_skewX_effect_tablet&quot;:{&quot;unit&quot;:&quot;deg&quot;,&quot;size&quot;:&quot;&quot;,&quot;sizes&quot;:[]},&quot;_transform_skewX_effect_mobile&quot;:{&quot;unit&quot;:&quot;deg&quot;,&quot;size&quot;:&quot;&quot;,&quot;sizes&quot;:[]},&quot;_transform_skewY_effect&quot;:{&quot;unit&quot;:&quot;px&quot;,&quot;size&quot;:&quot;&quot;,&quot;sizes&quot;:[]},&quot;_transform_skewY_effect_tablet&quot;:{&quot;unit&quot;:&quot;deg&quot;,&quot;size&quot;:&quot;&quot;,&quot;sizes&quot;:[]},&quot;_transform_skewY_effect_mobile&quot;:{&quot;unit&quot;:&quot;deg&quot;,&quot;size&quot;:&quot;&quot;,&quot;sizes&quot;:[]}}\">\n\t\t<div class=\"elementor-element elementor-element-1a99f1ac e-con-full e-flex e-con e-child\" data-id=\"1a99f1ac\" data-element_type=\"container\" data-e-type=\"container\" data-settings=\"{&quot;background_background&quot;:&quot;classic&quot;}\">\n\t\t<div class=\"elementor-element elementor-element-54248206 e-con-full e-flex e-con e-child\" data-id=\"54248206\" data-element_type=\"container\" data-e-type=\"container\">\n\t\t\t\t<div class=\"elementor-element elementor-element-796d1959 elementor-widget elementor-widget-heading\" data-id=\"796d1959\" data-element_type=\"widget\" data-e-type=\"widget\" data-widget_type=\"heading.default\">\n\t\t\t\t\t<h1 class=\"elementor-heading-title elementor-size-default\">O que fazer?<\/h1>\t\t\t\t<\/div>\n\t\t\t\t<\/div>\n\t\t\t\t<\/div>\n\t\t\t\t<\/div>\n\t\t<div class=\"elementor-element elementor-element-acfbdb2 e-flex e-con-boxed e-con e-parent\" data-id=\"acfbdb2\" data-element_type=\"container\" data-e-type=\"container\">\n\t\t\t\t\t<div class=\"e-con-inner\">\n\t\t\t\t<div class=\"elementor-element elementor-element-e27f9a1 elementor-widget-divider--view-line elementor-widget elementor-widget-divider\" data-id=\"e27f9a1\" data-element_type=\"widget\" data-e-type=\"widget\" data-widget_type=\"divider.default\">\n\t\t\t\t\t\t\t<div class=\"elementor-divider\">\n\t\t\t<span class=\"elementor-divider-separator\">\n\t\t\t\t\t\t<\/span>\n\t\t<\/div>\n\t\t\t\t\t\t<\/div>\n\t\t\t\t\t<\/div>\n\t\t\t\t<\/div>\n\t\t<div class=\"elementor-element elementor-element-22244677 e-con-full e-flex e-con e-parent\" data-id=\"22244677\" data-element_type=\"container\" data-e-type=\"container\">\n\t\t<div class=\"elementor-element elementor-element-2f92984a e-con-full e-flex e-con e-child\" data-id=\"2f92984a\" data-element_type=\"container\" data-e-type=\"container\" data-settings=\"{&quot;background_background&quot;:&quot;classic&quot;}\">\n\t\t<div class=\"elementor-element elementor-element-444c6177 e-con-full e-flex e-con e-child\" data-id=\"444c6177\" data-element_type=\"container\" data-e-type=\"container\">\n\t\t\t\t<div class=\"elementor-element elementor-element-364f49b e-n-tabs-mobile elementor-widget elementor-widget-n-tabs\" data-id=\"364f49b\" data-element_type=\"widget\" data-e-type=\"widget\" data-settings=\"{&quot;tabs_justify_horizontal&quot;:&quot;start&quot;,&quot;horizontal_scroll&quot;:&quot;disable&quot;}\" data-widget_type=\"nested-tabs.default\">\n\t\t\t\t\t\t\t<div class=\"e-n-tabs\" data-widget-number=\"56947867\" aria-label=\"Tabs. Open items with Enter or Space, close with Escape and navigate using the Arrow keys.\">\n\t\t\t<div class=\"e-n-tabs-heading\" role=\"tablist\">\n\t\t\t\t\t<button id=\"e-n-tab-title-569478671\" data-tab-title-id=\"e-n-tab-title-569478671\" class=\"e-n-tab-title\" aria-selected=\"true\" data-tab-index=\"1\" role=\"tab\" tabindex=\"0\" aria-controls=\"e-n-tab-content-569478671\" style=\"--n-tabs-title-order: 1;\">\n\t\t\t\t\t\t<span class=\"e-n-tab-title-text\">\n\t\t\t\tSe for v\u00edtima\t\t\t<\/span>\n\t\t<\/button>\n\t\t\t\t<button id=\"e-n-tab-title-569478672\" data-tab-title-id=\"e-n-tab-title-569478672\" class=\"e-n-tab-title\" aria-selected=\"false\" data-tab-index=\"2\" role=\"tab\" tabindex=\"-1\" aria-controls=\"e-n-tab-content-569478672\" style=\"--n-tabs-title-order: 2;\">\n\t\t\t\t\t\t<span class=\"e-n-tab-title-text\">\n\t\t\t\tSe identificar uma ou mais v\u00edtimas\t\t\t<\/span>\n\t\t<\/button>\n\t\t\t\t\t<\/div>\n\t\t\t<div class=\"e-n-tabs-content\">\n\t\t\t\t<div id=\"e-n-tab-content-569478671\" role=\"tabpanel\" aria-labelledby=\"e-n-tab-title-569478671\" data-tab-index=\"1\" style=\"--n-tabs-title-order: 1;\" class=\"e-active elementor-element elementor-element-81bbe92 e-con-full e-flex e-con e-child\" data-id=\"81bbe92\" data-element_type=\"container\" data-e-type=\"container\">\n\t\t\t\t<div class=\"elementor-element elementor-element-a6945ed elementor-widget elementor-widget-text-editor\" data-id=\"a6945ed\" data-element_type=\"widget\" data-e-type=\"widget\" data-widget_type=\"text-editor.default\">\n\t\t\t\t\t\t\t\t\t<p>Em Portugal a explora\u00e7\u00e3o e o tr\u00e1fico de seres humanos s\u00e3o ilegais e devem ser denunciados \u00e0s autoridades.<\/p><p>As v\u00edtimas de trafico de pessoas t\u00eam v\u00e1rios <a href=\"https:\/\/precisodeajuda.pt\/traficopessoas\/direitos\/\">direitos<\/a> nomeadamente a receber protec\u00e7\u00e3o e apoio, mesmo que n\u00e3o estejam regulares (em situa\u00e7\u00e3o legal) no pa\u00eds.<\/p><ul><li>Procure contactar as autoridades policiais. Em Portugal, a Pol\u00edcia Judici\u00e1ria \u00e9 respons\u00e1vel pela investiga\u00e7\u00e3o do crime de tr\u00e1fico de pessoas:<ul><li>Pol\u00edcia Judici\u00e1ria \u2014\u00a0<a href=\"https:\/\/apav.pt\/sobre-a-apav\/contactos\/\">Contactos<\/a> &#8211; <a href=\"https:\/\/www.policiajudiciaria.pt\/onde-estamos\/\">https:\/\/www.policiajudiciaria.pt\/onde-estamos\/<\/a><\/li><\/ul><\/li><li>Procure apoio de entidades especializadas. Em Portugal existe uma rede de entidades que presta apoio a v\u00edtimas de tr\u00e1fico de pessoas. Este apoio n\u00e3o obriga a que denuncie a situa\u00e7\u00e3o \u00e0s autoridades policiais e pode prestar-lhe informa\u00e7\u00f5es sobre os seus direitos, apoio jur\u00eddico, psicol\u00f3gico e social, incluindo o acolhimento em Centros de Acolhimento e Protec\u00e7\u00e3o:<ul><li>Contactos de entidades da Rede de Apoio e Porte\u00e7\u00e3o a V\u00edtimas de Tr\u00e1fico (RAPVT) \u2014\u00a0<a href=\"https:\/\/apav.pt\/sobre-a-apav\/contactos\/\">Contactos<\/a> &#8211; <a href=\"https:\/\/www.otsh.mai.gov.pt\/servicos\/\">https:\/\/www.otsh.mai.gov.pt\/servicos\/<\/a><\/li><\/ul><\/li><li>Contacte o n\u00famero de emerg\u00eancia em Portugal \u2014\u00a0<a href=\"tel:112\">112<\/a><\/li><\/ul>\t\t\t\t\t\t\t\t<\/div>\n\t\t\t\t<\/div>\n\t\t<div id=\"e-n-tab-content-569478672\" role=\"tabpanel\" aria-labelledby=\"e-n-tab-title-569478672\" data-tab-index=\"2\" style=\"--n-tabs-title-order: 2;\" class=\" elementor-element elementor-element-998b405 e-con-full e-flex e-con e-child\" data-id=\"998b405\" data-element_type=\"container\" data-e-type=\"container\">\n\t\t\t\t<div class=\"elementor-element elementor-element-56e3a03 elementor-widget elementor-widget-text-editor\" data-id=\"56e3a03\" data-element_type=\"widget\" data-e-type=\"widget\" data-widget_type=\"text-editor.default\">\n\t\t\t\t\t\t\t\t\t<p>A identifica\u00e7\u00e3o de situa\u00e7\u00f5es de explora\u00e7\u00e3o e tr\u00e1fico de pessoas, implica o envolvimento de todas as pessoas. Muitas vezes, as v\u00edtimas encontram-se isoladas e controladas de formas que as impedem de procurar apoio. Frequentemente t\u00eam receio de contactar as autoridades e desconhecem os seus direitos e recursos.<\/p><p>Caso identifique uma situa\u00e7\u00e3o ou conhe\u00e7a uma ou mais poss\u00edveis v\u00edtimas, denuncie ou procure apoio de entidades especializadas.<\/p>\t\t\t\t\t\t\t\t<\/div>\n\t\t\t\t<div class=\"elementor-element elementor-element-6d2f7fd elementor-widget elementor-widget-n-accordion\" data-id=\"6d2f7fd\" data-element_type=\"widget\" data-e-type=\"widget\" data-settings=\"{&quot;max_items_expended&quot;:&quot;multiple&quot;,&quot;default_state&quot;:&quot;all_collapsed&quot;,&quot;n_accordion_animation_duration&quot;:{&quot;unit&quot;:&quot;ms&quot;,&quot;size&quot;:400,&quot;sizes&quot;:[]}}\" data-widget_type=\"nested-accordion.default\">\n\t\t\t\t\t\t\t<div class=\"e-n-accordion\" aria-label=\"Accordion. Open links with Enter or Space, close with Escape, and navigate with Arrow Keys\">\n\t\t\t\t\t\t<details id=\"e-n-accordion-item-1140\" class=\"e-n-accordion-item\" >\n\t\t\t\t<summary class=\"e-n-accordion-item-title\" data-accordion-index=\"1\" tabindex=\"0\" aria-expanded=\"false\" aria-controls=\"e-n-accordion-item-1140\" >\n\t\t\t\t\t<span class='e-n-accordion-item-title-header'><div class=\"e-n-accordion-item-title-text\"> Como identificar? <\/div><\/span>\n\t\t\t\t\t\t\t<span class='e-n-accordion-item-title-icon'>\n\t\t\t<span class='e-opened' ><svg aria-hidden=\"true\" class=\"e-font-icon-svg e-fas-minus\" viewBox=\"0 0 448 512\" xmlns=\"http:\/\/www.w3.org\/2000\/svg\"><path d=\"M416 208H32c-17.67 0-32 14.33-32 32v32c0 17.67 14.33 32 32 32h384c17.67 0 32-14.33 32-32v-32c0-17.67-14.33-32-32-32z\"><\/path><\/svg><\/span>\n\t\t\t<span class='e-closed'><svg aria-hidden=\"true\" class=\"e-font-icon-svg e-fas-plus\" viewBox=\"0 0 448 512\" xmlns=\"http:\/\/www.w3.org\/2000\/svg\"><path d=\"M416 208H272V64c0-17.67-14.33-32-32-32h-32c-17.67 0-32 14.33-32 32v144H32c-17.67 0-32 14.33-32 32v32c0 17.67 14.33 32 32 32h144v144c0 17.67 14.33 32 32 32h32c17.67 0 32-14.33 32-32V304h144c17.67 0 32-14.33 32-32v-32c0-17.67-14.33-32-32-32z\"><\/path><\/svg><\/span>\n\t\t<\/span>\n\n\t\t\t\t\t\t<\/summary>\n\t\t\t\t<div role=\"region\" aria-labelledby=\"e-n-accordion-item-1140\" class=\"elementor-element elementor-element-b12854b e-con-full e-flex e-con e-child\" data-id=\"b12854b\" data-element_type=\"container\" data-e-type=\"container\">\n\t\t<div role=\"region\" aria-labelledby=\"e-n-accordion-item-1140\" class=\"elementor-element elementor-element-25cfcff e-con-full e-flex e-con e-child\" data-id=\"25cfcff\" data-element_type=\"container\" data-e-type=\"container\">\n\t\t\t\t<div class=\"elementor-element elementor-element-5dd3399 elementor-widget elementor-widget-text-editor\" data-id=\"5dd3399\" data-element_type=\"widget\" data-e-type=\"widget\" data-widget_type=\"text-editor.default\">\n\t\t\t\t\t\t\t\t\t<p>A pessoa ou grupo de pessoas:<\/p><ul><li>Parece n\u00e3o ter liberdade ou estar condicionada e controlada por terceiros;<\/li><li>Vive em condi\u00e7\u00f5es inadequadas, sobrelotadas e\/ou insalubres;<\/li><li>Trabalha em condi\u00e7\u00f5es abusivas (muitas horas, sem condi\u00e7\u00f5es de seguran\u00e7a);<\/li><li>N\u00e3o recebe pelo seu trabalho ou recebe pouco;<\/li><li>Tem que pagar ao seu \u201cempregador\u201d pelo alojamento e alimenta\u00e7\u00e3o;<\/li><li>Exibe sinais de medo e\/ou marcas f\u00edsicas de viol\u00eancia ou exaust\u00e3o;<\/li><li>N\u00e3o tem acesso aos seus documentos;<\/li><li>Est\u00e1 sempre acompanhada por algu\u00e9m quando recorre a servi\u00e7os e\/ou \u00e9 uma terceira pessoa que fala por si;<\/li><li>Outros sinais que possam alertar para formas de explora\u00e7\u00e3o espec\u00edficas.<\/li><\/ul>\t\t\t\t\t\t\t\t<\/div>\n\t\t\t\t<\/div>\n\t\t\t\t<\/div>\n\t\t\t\t\t<\/details>\n\t\t\t\t\t\t<details id=\"e-n-accordion-item-1141\" class=\"e-n-accordion-item\" >\n\t\t\t\t<summary class=\"e-n-accordion-item-title\" data-accordion-index=\"2\" tabindex=\"-1\" aria-expanded=\"false\" aria-controls=\"e-n-accordion-item-1141\" >\n\t\t\t\t\t<span class='e-n-accordion-item-title-header'><div class=\"e-n-accordion-item-title-text\"> Como agir? <\/div><\/span>\n\t\t\t\t\t\t\t<span class='e-n-accordion-item-title-icon'>\n\t\t\t<span class='e-opened' ><svg aria-hidden=\"true\" class=\"e-font-icon-svg e-fas-minus\" viewBox=\"0 0 448 512\" xmlns=\"http:\/\/www.w3.org\/2000\/svg\"><path d=\"M416 208H32c-17.67 0-32 14.33-32 32v32c0 17.67 14.33 32 32 32h384c17.67 0 32-14.33 32-32v-32c0-17.67-14.33-32-32-32z\"><\/path><\/svg><\/span>\n\t\t\t<span class='e-closed'><svg aria-hidden=\"true\" class=\"e-font-icon-svg e-fas-plus\" viewBox=\"0 0 448 512\" xmlns=\"http:\/\/www.w3.org\/2000\/svg\"><path d=\"M416 208H272V64c0-17.67-14.33-32-32-32h-32c-17.67 0-32 14.33-32 32v144H32c-17.67 0-32 14.33-32 32v32c0 17.67 14.33 32 32 32h144v144c0 17.67 14.33 32 32 32h32c17.67 0 32-14.33 32-32V304h144c17.67 0 32-14.33 32-32v-32c0-17.67-14.33-32-32-32z\"><\/path><\/svg><\/span>\n\t\t<\/span>\n\n\t\t\t\t\t\t<\/summary>\n\t\t\t\t<div role=\"region\" aria-labelledby=\"e-n-accordion-item-1141\" class=\"elementor-element elementor-element-0b7baa0 e-con-full e-flex e-con e-child\" data-id=\"0b7baa0\" data-element_type=\"container\" data-e-type=\"container\">\n\t\t<div role=\"region\" aria-labelledby=\"e-n-accordion-item-1141\" class=\"elementor-element elementor-element-cd4020a e-con-full e-flex e-con e-child\" data-id=\"cd4020a\" data-element_type=\"container\" data-e-type=\"container\">\n\t\t\t\t<div class=\"elementor-element elementor-element-2d00cdd elementor-widget elementor-widget-text-editor\" data-id=\"2d00cdd\" data-element_type=\"widget\" data-e-type=\"widget\" data-widget_type=\"text-editor.default\">\n\t\t\t\t\t\t\t\t\t<p>Garanta sempre a sua seguran\u00e7a e a das poss\u00edveis v\u00edtimas!<\/p><p>Observe e recolha informa\u00e7\u00f5es relevantes: sobre a v\u00edtima, sobre as circunst\u00e2ncias em que se encontra e a sua localiza\u00e7\u00e3o.<\/p><p>Caso tenha contacto directo com a(s) v\u00edtima(s) em circunst\u00e2ncias seguras, ofere\u00e7a apoio e informa\u00e7\u00e3o sobre os recursos dispon\u00edveis.<\/p><p>Denuncie, mesmo que n\u00e3o tenha a certeza. Cabe \u00e0s autoridades investigar e averiguar potenciais situa\u00e7\u00f5es. Procure mais informa\u00e7\u00e3o sobre como agir junto das entidades especializadas.<\/p><ul><li>Contacte as autoridades policiais. Em Portugal, a Pol\u00edcia Judici\u00e1ria \u00e9 respons\u00e1vel pela investiga\u00e7\u00e3o do crime de tr\u00e1fico de pessoas:<ul><li>Pol\u00edcia Judici\u00e1ria \u2014\u00a0 <a href=\"https:\/\/www.policiajudiciaria.pt\/onde-estamos\/\">https:\/\/www.policiajudiciaria.pt\/onde-estamos\/<\/a><br \/><br \/><\/li><\/ul><\/li><li>Procure apoio de entidades especializadas. Em Portugal existe uma rede de entidades que presta apoio a v\u00edtimas de tr\u00e1fico de pessoas. Este apoio n\u00e3o obriga a que denuncie a situa\u00e7\u00e3o \u00e0s autoridades policiais e pode prestar-lhe informa\u00e7\u00f5es sobre os seus direitos, apoio jur\u00eddico, psicol\u00f3gico e social, incluindo o acolhimento em Centros de Acolhimento e Protec\u00e7\u00e3o:<ul><li>Contactos de entidades da Rede de Apoio e Porte\u00e7\u00e3o a V\u00edtimas de Tr\u00e1fico (RAPVT) \u2014\u00a0 <a href=\"https:\/\/www.otsh.mai.gov.pt\/servicos\/\">https:\/\/www.otsh.mai.gov.pt\/servicos\/<\/a><\/li><\/ul><\/li><\/ul>\t\t\t\t\t\t\t\t<\/div>\n\t\t\t\t<\/div>\n\t\t\t\t<\/div>\n\t\t\t\t\t<\/details>\n\t\t\t\t\t<\/div>\n\t\t\t\t\t\t<\/div>\n\t\t\t\t<\/div>\n\t\t\t\t\t<\/div>\n\t\t<\/div>\n\t\t\t\t\t\t<\/div>\n\t\t\t\t<\/div>\n\t\t\t\t<\/div>\n\t\t\t\t<\/div>\n\t\t\t\t<\/div>\n\t\t","protected":false},"excerpt":{"rendered":"<p>O que fazer? Se for v\u00edtima Se identificar uma ou mais v\u00edtimas Em Portugal a explora\u00e7\u00e3o e o tr\u00e1fico de seres humanos s\u00e3o ilegais e devem ser denunciados \u00e0s autoridades. As v\u00edtimas de trafico de pessoas t\u00eam v\u00e1rios direitos nomeadamente a receber protec\u00e7\u00e3o e apoio, mesmo que n\u00e3o estejam regulares (em situa\u00e7\u00e3o legal) no pa\u00eds. [&hellip;]<\/p>\n","protected":false},"author":2,"featured_media":0,"parent":0,"menu_order":0,"comment_status":"closed","ping_status":"closed","template":"elementor_header_footer","meta":{"footnotes":""},"class_list":["post-123","page","type-page","status-publish","hentry"],"_links":{"self":[{"href":"https:\/\/precisodeajuda.pt\/traficopessoas\/wp-json\/wp\/v2\/pages\/123","targetHints":{"allow":["GET"]}}],"collection":[{"href":"https:\/\/precisodeajuda.pt\/traficopessoas\/wp-json\/wp\/v2\/pages"}],"about":[{"href":"https:\/\/precisodeajuda.pt\/traficopessoas\/wp-json\/wp\/v2\/types\/page"}],"author":[{"embeddable":true,"href":"https:\/\/precisodeajuda.pt\/traficopessoas\/wp-json\/wp\/v2\/users\/2"}],"replies":[{"embeddable":true,"href":"https:\/\/precisodeajuda.pt\/traficopessoas\/wp-json\/wp\/v2\/comments?post=123"}],"version-history":[{"count":66,"href":"https:\/\/precisodeajuda.pt\/traficopessoas\/wp-json\/wp\/v2\/pages\/123\/revisions"}],"predecessor-version":[{"id":534,"href":"https:\/\/precisodeajuda.pt\/traficopessoas\/wp-json\/wp\/v2\/pages\/123\/revisions\/534"}],"wp:attachment":[{"href":"https:\/\/precisodeajuda.pt\/traficopessoas\/wp-json\/wp\/v2\/media?parent=123"}],"curies":[{"name":"wp","href":"https:\/\/api.w.org\/{rel}","templated":true}]}}