{"id":5,"date":"2025-05-15T13:03:43","date_gmt":"2025-05-15T13:03:43","guid":{"rendered":"https:\/\/precisodeajuda.pt\/pessoasestrangeiras\/?page_id=5"},"modified":"2025-10-21T14:11:21","modified_gmt":"2025-10-21T14:11:21","slug":"apoio-da-apav","status":"publish","type":"page","link":"https:\/\/precisodeajuda.pt\/pessoasestrangeiras\/apoio-da-apav\/","title":{"rendered":"O Apoio da APAV"},"content":{"rendered":"\t\t<div data-elementor-type=\"wp-post\" data-elementor-id=\"5\" class=\"elementor elementor-5\" data-elementor-post-type=\"page\">\n\t\t\t\t<div class=\"elementor-element elementor-element-6a78ae63 e-con-full e-flex e-con e-parent\" data-id=\"6a78ae63\" data-element_type=\"container\" data-e-type=\"container\" data-settings=\"{&quot;background_background&quot;:&quot;classic&quot;}\">\n\t\t<div class=\"elementor-element elementor-element-5bb268a1 e-con-full e-flex e-con e-child\" data-id=\"5bb268a1\" data-element_type=\"container\" data-e-type=\"container\">\n\t\t<div class=\"elementor-element elementor-element-266d53a2 e-con-full e-flex e-con e-child\" data-id=\"266d53a2\" data-element_type=\"container\" data-e-type=\"container\">\n\t\t\t\t<div class=\"elementor-element elementor-element-417f3809 elementor-widget elementor-widget-heading\" data-id=\"417f3809\" data-element_type=\"widget\" data-e-type=\"widget\" data-widget_type=\"heading.default\">\n\t\t\t\t<div class=\"elementor-widget-container\">\n\t\t\t\t\t<h1 class=\"elementor-heading-title elementor-size-default\">O Apoio da APAV<\/h1>\t\t\t\t<\/div>\n\t\t\t\t<\/div>\n\t\t\t\t<div class=\"elementor-element elementor-element-73ca9583 elementor-widget elementor-widget-text-editor\" data-id=\"73ca9583\" data-element_type=\"widget\" data-e-type=\"widget\" data-widget_type=\"text-editor.default\">\n\t\t\t\t<div class=\"elementor-widget-container\">\n\t\t\t\t\t\t\t\t\t<p>A APAV presta a apoio especializado a pessoas migrantes ou a pessoas turistas que tenham sido v\u00edtimas de crime ou viol\u00eancia em Portugal, atrav\u00e9s de todos os seus servi\u00e7os de proximidade. Se foi ou est\u00e1 a ser v\u00edtima de crime em Portugal, encontre aqui o <a href=\"https:\/\/apav.pt\/sobre-a-apav\/contactos\/\" target=\"_blank\" rel=\"noopener\" data-wplink-edit=\"true\">servi\u00e7o da APAV mais pr\u00f3ximo.<\/a><\/p><p>A APAV SAFE \u00e9 uma resposta especializada no apoio a pessoas de nacionalidade n\u00e3o portuguesa &#8211; imigrantes, refugiados, requerentes de asilo e turistas &#8211; ou pessoas que se encontrem em Portugal temporariamente por outros motivos &#8211; que tenham sido v\u00edtimas de qualquer tipo de crime ou viol\u00eancia. \u00c9 ainda especializada na interven\u00e7\u00e3o com v\u00edtimas dos seguintes crimes espec\u00edficos, independentemente da nacionalidade da v\u00edtima: tr\u00e1fico de seres humanos, v\u00e1rias formas de explora\u00e7\u00e3o, crimes de \u00f3dio e discrimina\u00e7\u00e3o, bem como pr\u00e1ticas tradicionais nefastas (mutila\u00e7\u00e3o genital feminina, casamento for\u00e7ado e crimes de honra).<\/p><p>Sediada nos Servi\u00e7os de Apoio \u00e0 V\u00edtima de Lisboa, constitui-se como uma unidade central especializada de apoio aos demais servi\u00e7os permitindo o apoio qualificado a pessoas que pelas suas circunst\u00e2ncias e\/ou caracter\u00edsticas, bem como pela especificidade dos crimes e formas de viol\u00eancia de que foram v\u00edtimas, se tornam particularmente vulner\u00e1veis.<\/p><p>A APAV tenta adequar o seu apoio \u00e0s necessidades espec\u00edficas das pessoas, tendo em considera\u00e7\u00e3o as suas caracter\u00edsticas culturais, obst\u00e1culos que enfrentam e vulnerabilidades.<\/p><p>O apoio que prestamos pretende garantir sempre que poss\u00edvel a participa\u00e7\u00e3o da v\u00edtima no processo crime, mesmo que n\u00e3o permane\u00e7a em Portugal.<\/p>\t\t\t\t\t\t\t\t<\/div>\n\t\t\t\t<\/div>\n\t\t\t\t<\/div>\n\t\t\t\t<div class=\"elementor-element elementor-element-7ec9a324 elementor-tablet-align-center elementor-mobile-align-justify elementor-widget-tablet__width-initial elementor-widget-mobile__width-inherit elementor-widget elementor-widget-button\" data-id=\"7ec9a324\" data-element_type=\"widget\" data-e-type=\"widget\" data-widget_type=\"button.default\">\n\t\t\t\t<div class=\"elementor-widget-container\">\n\t\t\t\t\t\t\t\t\t<div class=\"elementor-button-wrapper\">\n\t\t\t\t\t<a class=\"elementor-button elementor-button-link elementor-size-lg\" href=\"https:\/\/apav.pt\/sobre-a-apav\/contactos\/\" target=\"_blank\">\n\t\t\t\t\t\t<span class=\"elementor-button-content-wrapper\">\n\t\t\t\t\t\t\t\t\t<span class=\"elementor-button-text\">Se foi ou est\u00e1 a ser v\u00edtima de crime em Portugal, encontre aqui o servi\u00e7o da APAV mais pr\u00f3ximo &gt;<\/span>\n\t\t\t\t\t<\/span>\n\t\t\t\t\t<\/a>\n\t\t\t\t<\/div>\n\t\t\t\t\t\t\t\t<\/div>\n\t\t\t\t<\/div>\n\t\t\t\t<\/div>\n\t\t\t\t<\/div>\n\t\t<div class=\"elementor-element elementor-element-6ff938f e-con-full e-flex e-con e-parent\" data-id=\"6ff938f\" data-element_type=\"container\" data-e-type=\"container\" data-settings=\"{&quot;background_background&quot;:&quot;classic&quot;}\">\n\t\t<div class=\"elementor-element elementor-element-3059a7b8 e-con-full e-flex e-con e-child\" data-id=\"3059a7b8\" data-element_type=\"container\" data-e-type=\"container\">\n\t\t<div class=\"elementor-element elementor-element-1601c96 e-con-full e-flex e-con e-child\" data-id=\"1601c96\" data-element_type=\"container\" data-e-type=\"container\">\n\t\t\t\t<div class=\"elementor-element elementor-element-458c4a2 elementor-widget elementor-widget-heading\" data-id=\"458c4a2\" data-element_type=\"widget\" data-e-type=\"widget\" data-widget_type=\"heading.default\">\n\t\t\t\t<div class=\"elementor-widget-container\">\n\t\t\t\t\t<h2 class=\"elementor-heading-title elementor-size-default\">APAV SAFE<\/h2>\t\t\t\t<\/div>\n\t\t\t\t<\/div>\n\t\t\t\t<div class=\"elementor-element elementor-element-57836c06 elementor-widget__width-initial elementor-widget elementor-widget-text-editor\" data-id=\"57836c06\" data-element_type=\"widget\" data-e-type=\"widget\" data-widget_type=\"text-editor.default\">\n\t\t\t\t<div class=\"elementor-widget-container\">\n\t\t\t\t\t\t\t\t\t<p>A APAV SAFE \u00e9 uma resposta especializada no apoio a pessoas de nacionalidade n\u00e3o portuguesa &#8211; imigrantes, refugiados, requerentes de asilo e turistas &#8211; ou pessoas que se encontrem em Portugal temporariamente por outros motivos &#8211; que tenham sido v\u00edtimas de qualquer tipo de crime ou viol\u00eancia. \u00c9 ainda especializada na interven\u00e7\u00e3o com v\u00edtimas dos seguintes crimes espec\u00edficos, independentemente da nacionalidade da v\u00edtima: tr\u00e1fico de seres humanos, v\u00e1rias formas de explora\u00e7\u00e3o, crimes de \u00f3dio e discrimina\u00e7\u00e3o, bem como pr\u00e1ticas tradicionais nefastas (mutila\u00e7\u00e3o genital feminina, casamento for\u00e7ado e crimes de honra).<\/p><p>Sediada nos Servi\u00e7os de Apoio \u00e0 V\u00edtima de Lisboa, constitui-se como uma unidade central especializada de apoio aos demais servi\u00e7os permitindo o apoio qualificado a pessoas que pelas suas circunst\u00e2ncias e\/ou caracter\u00edsticas, bem como pela especificidade dos crimes e formas de viol\u00eancia de que foram v\u00edtimas, se tornam particularmente vulner\u00e1veis.<\/p><p><a href=\"https:\/\/apav.pt\/apav-safe-apoio-a-vitimas-estrangeiras-de-crimes-de-odio-de-trafico-e-exploracao-de-pessoas\/\">Contactos APAV SAFE<\/a><\/p>\t\t\t\t\t\t\t\t<\/div>\n\t\t\t\t<\/div>\n\t\t\t\t<\/div>\n\t\t\t\t<\/div>\n\t\t<div class=\"elementor-element elementor-element-efb27d4 e-con-full e-flex e-con e-child\" data-id=\"efb27d4\" data-element_type=\"container\" data-e-type=\"container\" data-settings=\"{&quot;background_background&quot;:&quot;classic&quot;}\">\n\t\t\t\t<div class=\"elementor-element elementor-element-a458faa elementor-widget elementor-widget-image\" data-id=\"a458faa\" data-element_type=\"widget\" data-e-type=\"widget\" data-widget_type=\"image.default\">\n\t\t\t\t<div class=\"elementor-widget-container\">\n\t\t\t\t\t\t\t\t\t\t\t\t\t\t\t<img fetchpriority=\"high\" decoding=\"async\" width=\"1467\" height=\"406\" src=\"\/wp-content\/uploads\/sites\/4\/2025\/05\/logo_apavSAFE.png\" class=\"attachment-full size-full wp-image-84\" alt=\"\" srcset=\"\/wp-content\/uploads\/sites\/4\/2025\/05\/logo_apavSAFE.png 1467w, \/wp-content\/uploads\/sites\/4\/2025\/05\/logo_apavSAFE-300x83.png 300w, \/wp-content\/uploads\/sites\/4\/2025\/05\/logo_apavSAFE-1024x283.png 1024w, \/wp-content\/uploads\/sites\/4\/2025\/05\/logo_apavSAFE-768x213.png 768w\" sizes=\"(max-width: 1467px) 100vw, 1467px\" \/>\t\t\t\t\t\t\t\t\t\t\t\t\t\t\t<\/div>\n\t\t\t\t<\/div>\n\t\t\t\t<div class=\"elementor-element elementor-element-7b5bb26 elementor-widget__width-initial elementor-widget elementor-widget-text-editor\" data-id=\"7b5bb26\" data-element_type=\"widget\" data-e-type=\"widget\" data-widget_type=\"text-editor.default\">\n\t\t\t\t<div class=\"elementor-widget-container\">\n\t\t\t\t\t\t\t\t\t<p>Rua Jos\u00e9 Estev\u00e3o 135 A<br \/>1150-201 LISBOA<br \/><br \/><a href=\"tel:213587914\">21 358 79 14<\/a><br \/><a href=\"mailto:safe@apav.pt\">safe@apav.pt<\/a><br \/><br \/>dias \u00fateis: <br \/>10H00-13H00\u00a0<br \/>14H00-17H30<\/p>\t\t\t\t\t\t\t\t<\/div>\n\t\t\t\t<\/div>\n\t\t\t\t<div class=\"elementor-element elementor-element-24b44df elementor-tablet-align-center elementor-mobile-align-justify elementor-widget-tablet__width-initial elementor-widget-mobile__width-inherit elementor-widget elementor-widget-button\" data-id=\"24b44df\" data-element_type=\"widget\" data-e-type=\"widget\" data-widget_type=\"button.default\">\n\t\t\t\t<div class=\"elementor-widget-container\">\n\t\t\t\t\t\t\t\t\t<div class=\"elementor-button-wrapper\">\n\t\t\t\t\t<a class=\"elementor-button elementor-button-link elementor-size-lg\" href=\"mailto:safe@apav.pt\">\n\t\t\t\t\t\t<span class=\"elementor-button-content-wrapper\">\n\t\t\t\t\t\t\t\t\t<span class=\"elementor-button-text\">Contactar &gt;<\/span>\n\t\t\t\t\t<\/span>\n\t\t\t\t\t<\/a>\n\t\t\t\t<\/div>\n\t\t\t\t\t\t\t\t<\/div>\n\t\t\t\t<\/div>\n\t\t\t\t<\/div>\n\t\t\t\t<\/div>\n\t\t\t\t<\/div>\n\t\t","protected":false},"excerpt":{"rendered":"<p>O Apoio da APAV A APAV presta a apoio especializado a pessoas migrantes ou a pessoas turistas que tenham sido v\u00edtimas de crime ou viol\u00eancia em Portugal, atrav\u00e9s de todos os seus servi\u00e7os de proximidade. Se foi ou est\u00e1 a ser v\u00edtima de crime em Portugal, encontre aqui o servi\u00e7o da APAV mais pr\u00f3ximo. A [&hellip;]<\/p>\n","protected":false},"author":1,"featured_media":0,"parent":0,"menu_order":0,"comment_status":"closed","ping_status":"closed","template":"","meta":{"footnotes":""},"class_list":["post-5","page","type-page","status-publish","hentry"],"_links":{"self":[{"href":"https:\/\/precisodeajuda.pt\/pessoasestrangeiras\/wp-json\/wp\/v2\/pages\/5","targetHints":{"allow":["GET"]}}],"collection":[{"href":"https:\/\/precisodeajuda.pt\/pessoasestrangeiras\/wp-json\/wp\/v2\/pages"}],"about":[{"href":"https:\/\/precisodeajuda.pt\/pessoasestrangeiras\/wp-json\/wp\/v2\/types\/page"}],"author":[{"embeddable":true,"href":"https:\/\/precisodeajuda.pt\/pessoasestrangeiras\/wp-json\/wp\/v2\/users\/1"}],"replies":[{"embeddable":true,"href":"https:\/\/precisodeajuda.pt\/pessoasestrangeiras\/wp-json\/wp\/v2\/comments?post=5"}],"version-history":[{"count":25,"href":"https:\/\/precisodeajuda.pt\/pessoasestrangeiras\/wp-json\/wp\/v2\/pages\/5\/revisions"}],"predecessor-version":[{"id":405,"href":"https:\/\/precisodeajuda.pt\/pessoasestrangeiras\/wp-json\/wp\/v2\/pages\/5\/revisions\/405"}],"wp:attachment":[{"href":"https:\/\/precisodeajuda.pt\/pessoasestrangeiras\/wp-json\/wp\/v2\/media?parent=5"}],"curies":[{"name":"wp","href":"https:\/\/api.w.org\/{rel}","templated":true}]}}