{"id":251,"date":"2025-08-08T13:50:22","date_gmt":"2025-08-08T13:50:22","guid":{"rendered":"https:\/\/precisodeajuda.pt\/discriminacao\/?page_id=251"},"modified":"2025-09-16T08:53:55","modified_gmt":"2025-09-16T08:53:55","slug":"o-que-fazer","status":"publish","type":"page","link":"https:\/\/precisodeajuda.pt\/discriminacao\/o-que-fazer\/","title":{"rendered":"O que fazer"},"content":{"rendered":"\t\t<div data-elementor-type=\"wp-page\" data-elementor-id=\"251\" class=\"elementor elementor-251\" data-elementor-post-type=\"page\">\n\t\t\t\t<div class=\"elementor-element elementor-element-66be6aed e-flex e-con-boxed e-con e-parent\" data-id=\"66be6aed\" data-element_type=\"container\" data-e-type=\"container\" data-settings=\"{&quot;background_background&quot;:&quot;classic&quot;}\">\n\t\t\t\t\t<div class=\"e-con-inner\">\n\t\t<div class=\"elementor-element elementor-element-36a51564 e-con-full e-flex e-con e-child\" data-id=\"36a51564\" data-element_type=\"container\" data-e-type=\"container\">\n\t\t\t\t<\/div>\n\t\t\t\t\t<\/div>\n\t\t\t\t<\/div>\n\t\t<div class=\"elementor-element elementor-element-f0900e5 e-flex e-con-boxed e-con e-parent\" data-id=\"f0900e5\" data-element_type=\"container\" data-e-type=\"container\" data-settings=\"{&quot;background_background&quot;:&quot;classic&quot;}\">\n\t\t\t\t\t<div class=\"e-con-inner\">\n\t\t<div class=\"elementor-element elementor-element-2d1c69f3 e-con-full e-flex e-con e-child\" data-id=\"2d1c69f3\" data-element_type=\"container\" data-e-type=\"container\">\n\t\t\t\t<div class=\"elementor-element elementor-element-76716556 elementor-widget elementor-widget-heading\" data-id=\"76716556\" data-element_type=\"widget\" data-e-type=\"widget\" data-widget_type=\"heading.default\">\n\t\t\t\t<div class=\"elementor-widget-container\">\n\t\t\t\t\t<div class=\"elementor-heading-title elementor-size-default\">O que fazer<\/div>\t\t\t\t<\/div>\n\t\t\t\t<\/div>\n\t\t\t\t<div class=\"elementor-element elementor-element-f6c92db elementor-widget elementor-widget-heading\" data-id=\"f6c92db\" data-element_type=\"widget\" data-e-type=\"widget\" data-widget_type=\"heading.default\">\n\t\t\t\t<div class=\"elementor-widget-container\">\n\t\t\t\t\t<h3 class=\"elementor-heading-title elementor-size-default\">Se for v\u00edtima<\/h3>\t\t\t\t<\/div>\n\t\t\t\t<\/div>\n\t\t\t\t<div class=\"elementor-element elementor-element-0b2b725 elementor-widget elementor-widget-text-editor\" data-id=\"0b2b725\" data-element_type=\"widget\" data-e-type=\"widget\" data-widget_type=\"text-editor.default\">\n\t\t\t\t<div class=\"elementor-widget-container\">\n\t\t\t\t\t\t\t\t\t<p><strong>Garantir a sua seguran\u00e7a<\/strong><\/p><ul><li>Caso seja uma situa\u00e7\u00e3o que coloque em risco a sua integridade f\u00edsica, procure ajuda de agentes de autoridade (aqui inclu\u00edmos policia, mas tamb\u00e9m seguran\u00e7a privada, dependendo do contexto);<\/li><li>Chame a aten\u00e7\u00e3o de pessoas que possam estar perto e que possam ajudar;<\/li><li>Se ocorrer online, pondere bloquear a pessoa e reportar a pessoa<\/li><\/ul><p><strong>Recolher provas e ind\u00edcios<\/strong><\/p><ul><li>Guardar mensagens, imagens, capturas de ecr\u00e3 (screenshots), documentos, v\u00eddeos ou \u00e1udios;<\/li><li>Anotar informa\u00e7\u00f5es relevantes a que tenha acesso: data, hora, caracter\u00edsticas do(s) autor(es);<\/li><li>Caso existam testemunhas, pe\u00e7a-lhes os contactos e dados de identifica\u00e7\u00e3o, pedindo-lhes que possam estar dispon\u00edveis para confirmar os factos<\/li><\/ul>\t\t\t\t\t\t\t\t<\/div>\n\t\t\t\t<\/div>\n\t\t\t\t<\/div>\n\t\t\t\t\t<\/div>\n\t\t\t\t<\/div>\n\t\t<div class=\"elementor-element elementor-element-dbaf6fc e-flex e-con-boxed e-con e-parent\" data-id=\"dbaf6fc\" data-element_type=\"container\" data-e-type=\"container\" data-settings=\"{&quot;background_background&quot;:&quot;classic&quot;}\">\n\t\t\t\t\t<div class=\"e-con-inner\">\n\t\t<div class=\"elementor-element elementor-element-b03766a e-con-full e-flex e-con e-child\" data-id=\"b03766a\" data-element_type=\"container\" data-e-type=\"container\">\n\t\t\t\t<div class=\"elementor-element elementor-element-5fd5386 elementor-widget elementor-widget-heading\" data-id=\"5fd5386\" data-element_type=\"widget\" data-e-type=\"widget\" data-widget_type=\"heading.default\">\n\t\t\t\t<div class=\"elementor-widget-container\">\n\t\t\t\t\t<h2 class=\"elementor-heading-title elementor-size-default\">Denunciar<\/h2>\t\t\t\t<\/div>\n\t\t\t\t<\/div>\n\t\t\t\t<div class=\"elementor-element elementor-element-b4eeb6b elementor-widget elementor-widget-text-editor\" data-id=\"b4eeb6b\" data-element_type=\"widget\" data-e-type=\"widget\" data-widget_type=\"text-editor.default\">\n\t\t\t\t<div class=\"elementor-widget-container\">\n\t\t\t\t\t\t\t\t\t<p>A forma como pode denunciar as situa\u00e7\u00f5es de discrimina\u00e7\u00e3o e crimes de \u00f3dio junto das autoridades competentes e reguladoras depende de v\u00e1rios factores:<\/p><ul><li>Natureza do ato<ul><li>\u00c9 crime ou contraordena\u00e7\u00e3o?Contraordena\u00e7\u00e3o: actos que t\u00eam como inten\u00e7\u00e3o ou resultado o impedimento de acesso a bens e servi\u00e7os e o exerc\u00edcio de direitos. Consideradas condutas menos graves.<\/li><li>Crime: quando h\u00e1 incita\u00e7\u00e3o ao \u00f3dio, viol\u00eancia, amea\u00e7a, ofensa \u00e0 integridade f\u00edsica ou \u00e0 dignidade grave.<br \/><br \/><\/li><\/ul><\/li><\/ul><ul><li>Motivo discriminat\u00f3rio (que caracter\u00edsticas s\u00e3o discriminadas)<ul><li>Discrimina\u00e7\u00e3o racial ou \u00e9tnica<\/li><li>Discrimina\u00e7\u00e3o com base na orienta\u00e7\u00e3o sexual ou identidade de g\u00e9nero<\/li><li>Discrimina\u00e7\u00e3o por nacionalidade ou origem nacional<\/li><li>Discrimina\u00e7\u00e3o por defici\u00eancia ou condi\u00e7\u00e3o de sa\u00fade<br \/><br \/><\/li><\/ul><\/li><li>Contexto em que ocorreu (o lugar, a forma, o alcance)<ul><li>Em ambiente laboral, de ensino, de divers\u00e3o, servi\u00e7os p\u00fablicos, etc<\/li><li>Presencialmente ou atrav\u00e9s de meios de comunica\u00e7\u00e3o<\/li><li>Pr\u00e1tica isolada ou repetida<br \/><br \/><\/li><\/ul><\/li><li>Quem s\u00e3o a v\u00edtima e o autor<ul><li>Se o autor \u00e9 funcion\u00e1rio p\u00fablico (professor, pol\u00edcia, profissional de sa\u00fade, pol\u00edtico\/a) e se cometeu os actos discriminat\u00f3rios no \u00e2mbito do seu trabalho;<\/li><li>Se a v\u00edtima tem determinadas caracter\u00edsticas que a tornam mais vulner\u00e1vel<\/li><\/ul><\/li><\/ul>\t\t\t\t\t\t\t\t<\/div>\n\t\t\t\t<\/div>\n\t\t\t\t<div class=\"elementor-element elementor-element-173da79 elementor-widget__width-inherit e-n-tabs-mobile elementor-widget elementor-widget-n-tabs\" data-id=\"173da79\" data-element_type=\"widget\" data-e-type=\"widget\" data-settings=\"{&quot;tabs_justify_horizontal_widescreen&quot;:&quot;start&quot;,&quot;tabs_justify_horizontal&quot;:&quot;start&quot;,&quot;horizontal_scroll&quot;:&quot;enable&quot;}\" data-widget_type=\"nested-tabs.default\">\n\t\t\t\t<div class=\"elementor-widget-container\">\n\t\t\t\t\t\t\t<div class=\"e-n-tabs\" data-widget-number=\"24369785\" aria-label=\"Tabs. Open items with Enter or Space, close with Escape and navigate using the Arrow keys.\">\n\t\t\t<div class=\"e-n-tabs-heading\" role=\"tablist\">\n\t\t\t\t\t<button id=\"e-n-tab-title-243697851\" data-tab-title-id=\"e-n-tab-title-243697851\" class=\"e-n-tab-title\" aria-selected=\"true\" data-tab-index=\"1\" role=\"tab\" tabindex=\"0\" aria-controls=\"e-n-tab-content-243697851\" style=\"--n-tabs-title-order: 1;\">\n\t\t\t\t\t\t<span class=\"e-n-tab-title-text\">\n\t\t\t\tDenunciar discrimina\u00e7\u00e3o (contraordena\u00e7\u00e3o)\t\t\t<\/span>\n\t\t<\/button>\n\t\t\t\t<button id=\"e-n-tab-title-243697852\" data-tab-title-id=\"e-n-tab-title-243697852\" class=\"e-n-tab-title\" aria-selected=\"false\" data-tab-index=\"2\" role=\"tab\" tabindex=\"-1\" aria-controls=\"e-n-tab-content-243697852\" style=\"--n-tabs-title-order: 2;\">\n\t\t\t\t\t\t<span class=\"e-n-tab-title-text\">\n\t\t\t\tDenunciar Crimes de \u00d3dio\t\t\t<\/span>\n\t\t<\/button>\n\t\t\t\t<button id=\"e-n-tab-title-243697853\" data-tab-title-id=\"e-n-tab-title-243697853\" class=\"e-n-tab-title\" aria-selected=\"false\" data-tab-index=\"3\" role=\"tab\" tabindex=\"-1\" aria-controls=\"e-n-tab-content-243697853\" style=\"--n-tabs-title-order: 3;\">\n\t\t\t\t\t\t<span class=\"e-n-tab-title-text\">\n\t\t\t\tDenunciar Discurso de \u00d3dio\t\t\t<\/span>\n\t\t<\/button>\n\t\t\t\t\t<\/div>\n\t\t\t<div class=\"e-n-tabs-content\">\n\t\t\t\t<div id=\"e-n-tab-content-243697851\" role=\"tabpanel\" aria-labelledby=\"e-n-tab-title-243697851\" data-tab-index=\"1\" style=\"--n-tabs-title-order: 1;\" class=\"e-active elementor-element elementor-element-70fc50e e-con-full e-flex e-con e-child\" data-id=\"70fc50e\" data-element_type=\"container\" data-e-type=\"container\">\n\t\t\t\t<div class=\"elementor-element elementor-element-3d4bd4b elementor-widget elementor-widget-heading\" data-id=\"3d4bd4b\" data-element_type=\"widget\" data-e-type=\"widget\" data-widget_type=\"heading.default\">\n\t\t\t\t<div class=\"elementor-widget-container\">\n\t\t\t\t\t<h3 class=\"elementor-heading-title elementor-size-default\">Denunciar discrimina\u00e7\u00e3o (contraordena\u00e7\u00e3o)<\/h3>\t\t\t\t<\/div>\n\t\t\t\t<\/div>\n\t\t\t\t<div class=\"elementor-element elementor-element-c89dc30 elementor-widget elementor-widget-text-editor\" data-id=\"c89dc30\" data-element_type=\"widget\" data-e-type=\"widget\" data-widget_type=\"text-editor.default\">\n\t\t\t\t<div class=\"elementor-widget-container\">\n\t\t\t\t\t\t\t\t\t<p>A v\u00edtima ou qualquer pessoa que presencie ou tenha conhecimento de pr\u00e1ticas discriminat\u00f3rias que constituam contraordena\u00e7\u00e3o podem apresentar den\u00fancia \u00e0 entidade competente (que varia de acordo com os factores acima indicados).<\/p><p>As den\u00fancias podem ser apresentadas de v\u00e1rias formas, sendo a mais comum a escrita, geralmente atrav\u00e9s de formul\u00e1rios online para o efeito, mas tamb\u00e9m atrav\u00e9s de e-mail ou correio tradicional. Devem conter o m\u00e1ximo de informa\u00e7\u00e3o poss\u00edvel.<\/p><p>A entidade competente vai analisar a situa\u00e7\u00e3o e verificar se existem ind\u00edcios que comprovem a exist\u00eancia de uma situa\u00e7\u00e3o de discrimina\u00e7\u00e3o, podendo para isso pedir informa\u00e7\u00f5es adicionais \u00e0(s) v\u00edtima(s) ou pessoa denunciante. Caso existam ind\u00edcios suficientes, ser\u00e1 aberto um processo contraordenacional e a situa\u00e7\u00e3o ser\u00e1 melhor investigada. O resultado poder\u00e1 ser a emiss\u00e3o de um aviso\/advert\u00eancia (dirigido \u00e0 pessoa ou entidade que cometeu a discrimina\u00e7\u00e3o), a aplica\u00e7\u00e3o de uma coima (multa) ou o arquivamento, se n\u00e3o houver provas suficientes.<\/p><p>Os processos podem ser infelizmente muito demorados.<\/p><p>A identifica\u00e7\u00e3o da entidade competente, pode n\u00e3o ser f\u00e1cil para a v\u00edtima. A APAV est\u00e1 dispon\u00edvel para ajudar a identificar, de acordo com as caracter\u00edsticas da situa\u00e7\u00e3o. Alguns exemplos de seguida:<\/p><p>\u00a0<\/p>\t\t\t\t\t\t\t\t<\/div>\n\t\t\t\t<\/div>\n\t\t\t\t<div class=\"elementor-element elementor-element-4b09ef5 elementor-widget elementor-widget-html\" data-id=\"4b09ef5\" data-element_type=\"widget\" data-e-type=\"widget\" data-widget_type=\"html.default\">\n\t\t\t\t<div class=\"elementor-widget-container\">\n\t\t\t\t\t<table>\r\n  <thead>\r\n    <tr>\r\n      <th>Caracter\u00edstica discriminada<\/th>\r\n      <th>Contexto<\/th>\r\n      <th>Entidade competente<\/th>\r\n    <\/tr>\r\n  <\/thead>\r\n  <tbody>\r\n    <tr>\r\n      <td>Racial, \u00e9tnica, cor da pele, nacionalidade, origem e religi\u00e3o<\/td>\r\n      <td>Qualquer<\/td>\r\n      <td>\r\n        CICDR \u2013 Comiss\u00e3o para a Igualdade e Contra a Discrimina\u00e7\u00e3o Racial \r\n        <span style=\"color:red;font-weight:bold\">(Aviso: n\u00e3o est\u00e1 em funcionamento desde 2023)<\/span>\r\n      <\/td>\r\n    <\/tr>\r\n    <tr>\r\n      <td>Sexo, orienta\u00e7\u00e3o sexual e identidade de g\u00e9nero<\/td>\r\n      <td>Qualquer<\/td>\r\n      <td>CIG \u2013 Comiss\u00e3o para a Cidadania e a Igualdade de G\u00e9nero<\/td>\r\n    <\/tr>\r\n    <tr>\r\n      <td>G\u00e9nero (desigualdades entre homens e mulheres)<\/td>\r\n      <td>Trabalho, emprego e forma\u00e7\u00e3o profissional<\/td>\r\n      <td>CITE \u2013 Comiss\u00e3o para a Igualdade no Trabalho e no Emprego<\/td>\r\n    <\/tr>\r\n    <tr>\r\n      <td>Defici\u00eancia ou risco agravado de sa\u00fade<\/td>\r\n      <td>Qualquer<\/td>\r\n      <td>INR \u2013 Instituto Nacional para a Reabilita\u00e7\u00e3o<\/td>\r\n    <\/tr>\r\n    <tr>\r\n      <td>Qualquer<\/td>\r\n      <td>Trabalho e emprego (incluindo recrutamento)<\/td>\r\n      <td>ACT \u2013 Autoridade para as Condi\u00e7\u00f5es de Trabalho<\/td>\r\n    <\/tr>\r\n    <tr>\r\n      <td>Qualquer<\/td>\r\n      <td>Escolas p\u00fablicas e privadas<\/td>\r\n      <td>IGEC \u2013 Inspe\u00e7\u00e3o-Geral da Educa\u00e7\u00e3o e Ci\u00eancia<\/td>\r\n    <\/tr>\r\n    <tr>\r\n      <td>Qualquer<\/td>\r\n      <td>Servi\u00e7os de sa\u00fade<\/td>\r\n      <td>ERS \u2013 Entidade Reguladora da Sa\u00fade<\/td>\r\n    <\/tr>\r\n    <tr>\r\n      <td>Qualquer<\/td>\r\n      <td>Acesso a bens ou servi\u00e7os<\/td>\r\n      <td>ASAE \u2013 Autoridade de Seguran\u00e7a Alimentar e Econ\u00f3mica<\/td>\r\n    <\/tr>\r\n    <tr>\r\n      <td>Qualquer<\/td>\r\n      <td>For\u00e7as e servi\u00e7os de seguran\u00e7a<\/td>\r\n      <td>IGAI \u2013 Inspe\u00e7\u00e3o Geral da Administra\u00e7\u00e3o Interna<\/td>\r\n    <\/tr>\r\n  <\/tbody>\r\n<\/table>\r\n\t\t\t\t<\/div>\n\t\t\t\t<\/div>\n\t\t\t\t<div class=\"elementor-element elementor-element-22f242a elementor-widget elementor-widget-text-editor\" data-id=\"22f242a\" data-element_type=\"widget\" data-e-type=\"widget\" data-widget_type=\"text-editor.default\">\n\t\t\t\t<div class=\"elementor-widget-container\">\n\t\t\t\t\t\t\t\t\t<p>Independentemente da den\u00fancia \u00e0 entidade competente, as situa\u00e7\u00f5es de discrimina\u00e7\u00e3o que constituem contraordena\u00e7\u00e3o podem ser registadas no <strong>Livro de Reclama\u00e7\u00f5es<\/strong> do servi\u00e7o onde ocorreram.<\/p>\t\t\t\t\t\t\t\t<\/div>\n\t\t\t\t<\/div>\n\t\t\t\t<\/div>\n\t\t<div id=\"e-n-tab-content-243697852\" role=\"tabpanel\" aria-labelledby=\"e-n-tab-title-243697852\" data-tab-index=\"2\" style=\"--n-tabs-title-order: 2;\" class=\" elementor-element elementor-element-63e47d2 e-con-full e-flex e-con e-child\" data-id=\"63e47d2\" data-element_type=\"container\" data-e-type=\"container\">\n\t\t\t\t<div class=\"elementor-element elementor-element-1923f56 elementor-widget elementor-widget-heading\" data-id=\"1923f56\" data-element_type=\"widget\" data-e-type=\"widget\" data-widget_type=\"heading.default\">\n\t\t\t\t<div class=\"elementor-widget-container\">\n\t\t\t\t\t<h3 class=\"elementor-heading-title elementor-size-default\">Denunciar crimes cometidos por motivo discriminat\u00f3rio (Crimes de \u00d3dio)<\/h3>\t\t\t\t<\/div>\n\t\t\t\t<\/div>\n\t\t\t\t<div class=\"elementor-element elementor-element-443d8e7 elementor-widget elementor-widget-text-editor\" data-id=\"443d8e7\" data-element_type=\"widget\" data-e-type=\"widget\" data-widget_type=\"text-editor.default\">\n\t\t\t\t<div class=\"elementor-widget-container\">\n\t\t\t\t\t\t\t\t\t<p>Os crimes cometidos por motivo discriminat\u00f3rio podem ser denunciados \u00e0s autoridades competentes pela recep\u00e7\u00e3o de infra\u00e7\u00f5es penais:<\/p><ul><li>Org\u00e3os de pol\u00edcia criminal: Pol\u00edcia de Seguran\u00e7a P\u00fablica (PSP); Guarda Nacional Republicana (GNR); Pol\u00edcia Judici\u00e1ria \u2013 dependendo da natureza do crime e do local do pa\u00eds (contexto em que ocorreram)<\/li><li>Minist\u00e9rio P\u00fablico<\/li><\/ul><p>As den\u00fancias e queixas s\u00e3o sempre gratuitas e n\u00e3o exigem formalidades especiais. Podem ser efectuadas presencialmente, telefonicamente ou por escrito e devem contar o m\u00e1ximo de informa\u00e7\u00e3o poss\u00edvel.<\/p><p>Tal como acontece com todos os crimes que n\u00e3o s\u00e3o cometidos por motivo discriminat\u00f3rio podem ser denunciadas por qualquer pessoa que deles tenha conhecimento, caso se tratem de crimes p\u00fablicos, ou pela pr\u00f3pria v\u00edtima caso se tratem de crimes particulares ou semi-p\u00fablicos.<\/p>\t\t\t\t\t\t\t\t<\/div>\n\t\t\t\t<\/div>\n\t\t\t\t<\/div>\n\t\t<div id=\"e-n-tab-content-243697853\" role=\"tabpanel\" aria-labelledby=\"e-n-tab-title-243697853\" data-tab-index=\"3\" style=\"--n-tabs-title-order: 3;\" class=\" elementor-element elementor-element-e4987f6 e-con-full e-flex e-con e-child\" data-id=\"e4987f6\" data-element_type=\"container\" data-e-type=\"container\">\n\t\t\t\t<div class=\"elementor-element elementor-element-6ac6160 elementor-widget elementor-widget-heading\" data-id=\"6ac6160\" data-element_type=\"widget\" data-e-type=\"widget\" data-widget_type=\"heading.default\">\n\t\t\t\t<div class=\"elementor-widget-container\">\n\t\t\t\t\t<h3 class=\"elementor-heading-title elementor-size-default\">Denunciar discurso de \u00f3dio (Situa\u00e7\u00f5es que se enquadram no Art. 240\u00ba do c\u00f3digo penal<\/h3>\t\t\t\t<\/div>\n\t\t\t\t<\/div>\n\t\t\t\t<div class=\"elementor-element elementor-element-2b92094 elementor-widget elementor-widget-text-editor\" data-id=\"2b92094\" data-element_type=\"widget\" data-e-type=\"widget\" data-widget_type=\"text-editor.default\">\n\t\t\t\t<div class=\"elementor-widget-container\">\n\t\t\t\t\t\t\t\t\t<p><span style=\"text-decoration: underline\">Tratando-se de crime p\u00fablico, pode ser denunciado por qualquer pessoa que dele tenha conhecimento.<\/span><\/p><ul><li>Org\u00e3os de pol\u00edcia criminal: Qualquer pol\u00edcia, sendo que a Pol\u00edcia Judici\u00e1ria ser\u00e1 a mais indicada na maioria das situa\u00e7\u00f5es, nomeadamente quando ocorrem online \u2013 dependendo da natureza do crime e do local do pa\u00eds (contexto em que ocorreram)<\/li><li>Minist\u00e9rio P\u00fablico<\/li><\/ul>\t\t\t\t\t\t\t\t<\/div>\n\t\t\t\t<\/div>\n\t\t\t\t<\/div>\n\t\t\t\t\t<\/div>\n\t\t<\/div>\n\t\t\t\t\t\t<\/div>\n\t\t\t\t<\/div>\n\t\t\t\t<\/div>\n\t\t\t\t\t<\/div>\n\t\t\t\t<\/div>\n\t\t\t\t<\/div>\n\t\t","protected":false},"excerpt":{"rendered":"<p>O que fazer Se for v\u00edtima Garantir a sua seguran\u00e7a Caso seja uma situa\u00e7\u00e3o que coloque em risco a sua integridade f\u00edsica, procure ajuda de agentes de autoridade (aqui inclu\u00edmos policia, mas tamb\u00e9m seguran\u00e7a privada, dependendo do contexto); Chame a aten\u00e7\u00e3o de pessoas que possam estar perto e que possam ajudar; Se ocorrer online, pondere [&hellip;]<\/p>\n","protected":false},"author":2,"featured_media":0,"parent":0,"menu_order":0,"comment_status":"closed","ping_status":"closed","template":"","meta":{"footnotes":""},"class_list":["post-251","page","type-page","status-publish","hentry"],"_links":{"self":[{"href":"https:\/\/precisodeajuda.pt\/discriminacao\/wp-json\/wp\/v2\/pages\/251","targetHints":{"allow":["GET"]}}],"collection":[{"href":"https:\/\/precisodeajuda.pt\/discriminacao\/wp-json\/wp\/v2\/pages"}],"about":[{"href":"https:\/\/precisodeajuda.pt\/discriminacao\/wp-json\/wp\/v2\/types\/page"}],"author":[{"embeddable":true,"href":"https:\/\/precisodeajuda.pt\/discriminacao\/wp-json\/wp\/v2\/users\/2"}],"replies":[{"embeddable":true,"href":"https:\/\/precisodeajuda.pt\/discriminacao\/wp-json\/wp\/v2\/comments?post=251"}],"version-history":[{"count":22,"href":"https:\/\/precisodeajuda.pt\/discriminacao\/wp-json\/wp\/v2\/pages\/251\/revisions"}],"predecessor-version":[{"id":422,"href":"https:\/\/precisodeajuda.pt\/discriminacao\/wp-json\/wp\/v2\/pages\/251\/revisions\/422"}],"wp:attachment":[{"href":"https:\/\/precisodeajuda.pt\/discriminacao\/wp-json\/wp\/v2\/media?parent=251"}],"curies":[{"name":"wp","href":"https:\/\/api.w.org\/{rel}","templated":true}]}}