{"id":240,"date":"2025-08-08T14:01:05","date_gmt":"2025-08-08T14:01:05","guid":{"rendered":"https:\/\/precisodeajuda.pt\/discriminacao\/?page_id=240"},"modified":"2025-08-12T09:50:13","modified_gmt":"2025-08-12T09:50:13","slug":"consequencias-e-impacto","status":"publish","type":"page","link":"https:\/\/precisodeajuda.pt\/discriminacao\/consequencias-e-impacto\/","title":{"rendered":"Consequ\u00eancias e impacto"},"content":{"rendered":"\t\t<div data-elementor-type=\"wp-page\" data-elementor-id=\"240\" class=\"elementor elementor-240\" data-elementor-post-type=\"page\">\n\t\t\t\t<div class=\"elementor-element elementor-element-66be6aed e-flex e-con-boxed e-con e-parent\" data-id=\"66be6aed\" data-element_type=\"container\" data-e-type=\"container\" data-settings=\"{&quot;background_background&quot;:&quot;classic&quot;}\">\n\t\t\t\t\t<div class=\"e-con-inner\">\n\t\t<div class=\"elementor-element elementor-element-36a51564 e-con-full e-flex e-con e-child\" data-id=\"36a51564\" data-element_type=\"container\" data-e-type=\"container\">\n\t\t\t\t<\/div>\n\t\t\t\t\t<\/div>\n\t\t\t\t<\/div>\n\t\t<div class=\"elementor-element elementor-element-f0900e5 e-flex e-con-boxed e-con e-parent\" data-id=\"f0900e5\" data-element_type=\"container\" data-e-type=\"container\" data-settings=\"{&quot;background_background&quot;:&quot;classic&quot;}\">\n\t\t\t\t\t<div class=\"e-con-inner\">\n\t\t<div class=\"elementor-element elementor-element-2d1c69f3 e-con-full e-flex e-con e-child\" data-id=\"2d1c69f3\" data-element_type=\"container\" data-e-type=\"container\">\n\t\t\t\t<div class=\"elementor-element elementor-element-326ac876 elementor-widget elementor-widget-text-editor\" data-id=\"326ac876\" data-element_type=\"widget\" data-e-type=\"widget\" data-widget_type=\"text-editor.default\">\n\t\t\t\t<div class=\"elementor-widget-container\">\n\t\t\t\t\t\t\t\t\t<p><span data-contrast=\"auto\">As consequ\u00eancias e o impacto da discrimina\u00e7\u00e3o e dos crimes de \u00f3dio s\u00e3o profundos e multifacetados \u2014 afetando n\u00e3o apenas as v\u00edtimas diretas, mas tamb\u00e9m comunidades inteiras e a pr\u00f3pria coes\u00e3o social. Para al\u00e9m do impacto concreto em termos de exclus\u00e3o e limita\u00e7\u00e3o de acesso a oportunidades e direitos, o impacto psicol\u00f3gico e social \u00e9 profundo.<\/span><span data-ccp-props=\"{}\">\u00a0<\/span><\/p><p><span data-contrast=\"auto\">O impacto destes actos \u00e9 ainda mais acentuado quando as v\u00edtimas n\u00e3o t\u00eam mecanismos de denuncia eficaz e sistemas de apoio e protec\u00e7\u00e3o adequados.<\/span><span data-ccp-props=\"{}\">\u00a0<\/span><\/p><p><span data-contrast=\"auto\">O conceito de \u201condas de dano\u201d (Ignaski, 2001) aqui esquematizado, ilustra a extens\u00e3o do impacto destes actos:\u00a0<\/span><span data-ccp-props=\"{}\">\u00a0<\/span><\/p>\t\t\t\t\t\t\t\t<\/div>\n\t\t\t\t<\/div>\n\t\t\t\t<div class=\"elementor-element elementor-element-5bd4f44 elementor-widget elementor-widget-image\" data-id=\"5bd4f44\" data-element_type=\"widget\" data-e-type=\"widget\" data-widget_type=\"image.default\">\n\t\t\t\t<div class=\"elementor-widget-container\">\n\t\t\t\t\t\t\t\t\t\t\t\t\t\t\t<img fetchpriority=\"high\" decoding=\"async\" width=\"800\" height=\"131\" src=\"\/wp-content\/uploads\/sites\/6\/2025\/08\/image001-1024x168.png\" class=\"attachment-large size-large wp-image-376\" alt=\"\" srcset=\"\/wp-content\/uploads\/sites\/6\/2025\/08\/image001-1024x168.png 1024w, \/wp-content\/uploads\/sites\/6\/2025\/08\/image001-300x49.png 300w, \/wp-content\/uploads\/sites\/6\/2025\/08\/image001-768x126.png 768w, \/wp-content\/uploads\/sites\/6\/2025\/08\/image001.png 1185w\" sizes=\"(max-width: 800px) 100vw, 800px\" \/>\t\t\t\t\t\t\t\t\t\t\t\t\t\t\t<\/div>\n\t\t\t\t<\/div>\n\t\t\t\t<div class=\"elementor-element elementor-element-b46f562 elementor-widget__width-inherit e-n-tabs-mobile elementor-widget elementor-widget-n-tabs\" data-id=\"b46f562\" data-element_type=\"widget\" data-e-type=\"widget\" data-settings=\"{&quot;tabs_justify_horizontal_widescreen&quot;:&quot;start&quot;,&quot;tabs_justify_horizontal&quot;:&quot;start&quot;,&quot;horizontal_scroll&quot;:&quot;enable&quot;}\" data-widget_type=\"nested-tabs.default\">\n\t\t\t\t<div class=\"elementor-widget-container\">\n\t\t\t\t\t\t\t<div class=\"e-n-tabs\" data-widget-number=\"189199714\" aria-label=\"Tabs. Open items with Enter or Space, close with Escape and navigate using the Arrow keys.\">\n\t\t\t<div class=\"e-n-tabs-heading\" role=\"tablist\">\n\t\t\t\t\t<button id=\"e-n-tab-title-1891997141\" data-tab-title-id=\"e-n-tab-title-1891997141\" class=\"e-n-tab-title\" aria-selected=\"true\" data-tab-index=\"1\" role=\"tab\" tabindex=\"0\" aria-controls=\"e-n-tab-content-1891997141\" style=\"--n-tabs-title-order: 1;\">\n\t\t\t\t\t\t<span class=\"e-n-tab-title-text\">\n\t\t\t\tImpacto nas v\u00edtimas directas\t\t\t<\/span>\n\t\t<\/button>\n\t\t\t\t<button id=\"e-n-tab-title-1891997142\" data-tab-title-id=\"e-n-tab-title-1891997142\" class=\"e-n-tab-title\" aria-selected=\"false\" data-tab-index=\"2\" role=\"tab\" tabindex=\"-1\" aria-controls=\"e-n-tab-content-1891997142\" style=\"--n-tabs-title-order: 2;\">\n\t\t\t\t\t\t<span class=\"e-n-tab-title-text\">\n\t\t\t\tImpacto nas comunidades\/grupos de perten\u00e7a\t\t\t<\/span>\n\t\t<\/button>\n\t\t\t\t<button id=\"e-n-tab-title-1891997143\" data-tab-title-id=\"e-n-tab-title-1891997143\" class=\"e-n-tab-title\" aria-selected=\"false\" data-tab-index=\"3\" role=\"tab\" tabindex=\"-1\" aria-controls=\"e-n-tab-content-1891997143\" style=\"--n-tabs-title-order: 3;\">\n\t\t\t\t\t\t<span class=\"e-n-tab-title-text\">\n\t\t\t\tImpacto na sociedade \t\t\t<\/span>\n\t\t<\/button>\n\t\t\t\t\t<\/div>\n\t\t\t<div class=\"e-n-tabs-content\">\n\t\t\t\t<div id=\"e-n-tab-content-1891997141\" role=\"tabpanel\" aria-labelledby=\"e-n-tab-title-1891997141\" data-tab-index=\"1\" style=\"--n-tabs-title-order: 1;\" class=\"e-active elementor-element elementor-element-1ec8269 e-con-full e-flex e-con e-child\" data-id=\"1ec8269\" data-element_type=\"container\" data-e-type=\"container\">\n\t\t\t\t<div class=\"elementor-element elementor-element-53ecc86 elementor-widget elementor-widget-text-editor\" data-id=\"53ecc86\" data-element_type=\"widget\" data-e-type=\"widget\" data-widget_type=\"text-editor.default\">\n\t\t\t\t<div class=\"elementor-widget-container\">\n\t\t\t\t\t\t\t\t\t<p><span data-contrast=\"auto\">A discrimina\u00e7\u00e3o e os crimes de \u00f3dio constituem um ataque a caracter\u00edsticas de identidade da v\u00edtima (e\/ou da sua comunidade de perten\u00e7a). S\u00e3o actos cometidos com base em preconceitos e atitudes negativas sobre o que a pessoa \u00e9 e que por isso t\u00eam um impacto mais profundo que outras formas de viol\u00eancia. Afetam severamente a auto-imagem, o sentimento de seguran\u00e7a e inclus\u00e3o, uma vez que transmitem a ideia de que a pessoa tem menos valor que outras e que n\u00e3o pertence ao contexto social onde se encontra.<\/span><span data-ccp-props=\"{&quot;134233117&quot;:false,&quot;134233118&quot;:false,&quot;201341983&quot;:0,&quot;335551550&quot;:1,&quot;335551620&quot;:1,&quot;335559685&quot;:0,&quot;335559737&quot;:0,&quot;335559738&quot;:0,&quot;335559739&quot;:160,&quot;335559740&quot;:259}\">\u00a0<\/span><\/p><p><span data-contrast=\"auto\">O impacto psicol\u00f3gico \u00e9 tamb\u00e9m mais severo que outras formas de viol\u00eancia, levando por exemplo a sintomas mais acentuados de ansiedade e depress\u00e3o, perda de confian\u00e7a e aumento do sentimento de vulnerabilidade, raiva, isolamento ou evitamento de determinados locais e situa\u00e7\u00f5es.<\/span><span data-ccp-props=\"{&quot;134233117&quot;:false,&quot;134233118&quot;:false,&quot;201341983&quot;:0,&quot;335551550&quot;:1,&quot;335551620&quot;:1,&quot;335559685&quot;:0,&quot;335559737&quot;:0,&quot;335559738&quot;:0,&quot;335559739&quot;:160,&quot;335559740&quot;:259}\">\u00a0<\/span><\/p>\t\t\t\t\t\t\t\t<\/div>\n\t\t\t\t<\/div>\n\t\t\t\t<\/div>\n\t\t<div id=\"e-n-tab-content-1891997142\" role=\"tabpanel\" aria-labelledby=\"e-n-tab-title-1891997142\" data-tab-index=\"2\" style=\"--n-tabs-title-order: 2;\" class=\" elementor-element elementor-element-0c1bc94 e-con-full e-flex e-con e-child\" data-id=\"0c1bc94\" data-element_type=\"container\" data-e-type=\"container\">\n\t\t\t\t<div class=\"elementor-element elementor-element-7bcbd6c elementor-widget elementor-widget-text-editor\" data-id=\"7bcbd6c\" data-element_type=\"widget\" data-e-type=\"widget\" data-widget_type=\"text-editor.default\">\n\t\t\t\t<div class=\"elementor-widget-container\">\n\t\t\t\t\t\t\t\t\t<p><span class=\"TextRun SCXW52774963 BCX8\" lang=\"PT-PT\" xml:lang=\"PT-PT\" data-contrast=\"auto\"><span class=\"NormalTextRun SCXW52774963 BCX8\">A perpetra\u00e7\u00e3o de atos discriminat\u00f3rios contra uma pessoa pelas suas caracter\u00edsticas pode influenciar negativamente o bem<\/span><span class=\"NormalTextRun SCXW52774963 BCX8\">&#8211;<\/span><span class=\"NormalTextRun SCXW52774963 BCX8\">estar e a <\/span><span class=\"NormalTextRun SpellingErrorV2Themed SCXW52774963 BCX8\">auto-estima<\/span><span class=\"NormalTextRun SCXW52774963 BCX8\"> d<\/span><span class=\"NormalTextRun SCXW52774963 BCX8\">e outras pessoas que partilham as mesmas caracter\u00edsticas, <\/span><span class=\"NormalTextRun SCXW52774963 BCX8\">podendo estas v\u00edtimas indiretas<\/span><span class=\"NormalTextRun SCXW52774963 BCX8\"> sentir um impacto semelhante<\/span> <span class=\"NormalTextRun SCXW52774963 BCX8\">a n\u00edvel<\/span><span class=\"NormalTextRun SCXW52774963 BCX8\"> psicol\u00f3gic<\/span><span class=\"NormalTextRun SCXW52774963 BCX8\">o e social<\/span><span class=\"NormalTextRun SCXW52774963 BCX8\">. Os <\/span><span class=\"NormalTextRun SpellingErrorV2Themed SCXW52774963 BCX8\">actos<\/span><span class=\"NormalTextRun SCXW52774963 BCX8\"> de viol\u00eancia discriminat\u00f3ria t\u00eam frequentemente o <\/span><span class=\"NormalTextRun SpellingErrorV2Themed SCXW52774963 BCX8\">objectivo<\/span><span class=\"NormalTextRun SCXW52774963 BCX8\"> de transmitir uma mensagem<\/span><span class=\"NormalTextRun SCXW52774963 BCX8\"> intimidat\u00f3ria<\/span><span class=\"NormalTextRun SCXW52774963 BCX8\"> a um grupo ou comunidade que partilha as mesmas <\/span><span class=\"NormalTextRun SCXW52774963 BCX8\">caracter\u00edsticas,<\/span><span class=\"NormalTextRun SCXW52774963 BCX8\"> passando a ideia de que pessoas como aquela(s) v\u00edtima(s) <\/span><span class=\"NormalTextRun SpellingErrorV2Themed SCXW52774963 BCX8\">directas<\/span><span class=\"NormalTextRun SCXW52774963 BCX8\"> n\u00e3o s\u00e3o bem-vindas e <\/span><span class=\"NormalTextRun SCXW52774963 BCX8\">que est\u00e3o em risco de ser alvo dos mesmos <\/span><span class=\"NormalTextRun SpellingErrorV2Themed SCXW52774963 BCX8\">actos<\/span><span class=\"NormalTextRun SCXW52774963 BCX8\">.<\/span> <span class=\"NormalTextRun SCXW52774963 BCX8\">Estas v\u00edtimas <\/span><span class=\"NormalTextRun SpellingErrorV2Themed SCXW52774963 BCX8\">indirectas<\/span><span class=\"NormalTextRun SCXW52774963 BCX8\"> podem desenvolver sentimentos de<\/span><span class=\"NormalTextRun SCXW52774963 BCX8\"> vulnerabilidade, raiva, ansiedade<\/span><span class=\"NormalTextRun SCXW52774963 BCX8\"> e tamb\u00e9m<\/span><span class=\"NormalTextRun SCXW52774963 BCX8\"> evitamento ou comportamentos focados na seguran\u00e7a pessoal.\u00a0 O sentimento de seguran\u00e7a diminui, podendo ainda aumentar o sentimento de estigmatiza\u00e7\u00e3o e rejei\u00e7\u00e3o da comunidade, potenciando tens\u00f5es e isolamento social.<\/span><\/span><span class=\"EOP SCXW52774963 BCX8\" data-ccp-props=\"{&quot;134233117&quot;:false,&quot;134233118&quot;:false,&quot;201341983&quot;:0,&quot;335551550&quot;:1,&quot;335551620&quot;:1,&quot;335559685&quot;:0,&quot;335559737&quot;:0,&quot;335559738&quot;:0,&quot;335559739&quot;:160,&quot;335559740&quot;:259}\">\u00a0<\/span><\/p>\t\t\t\t\t\t\t\t<\/div>\n\t\t\t\t<\/div>\n\t\t\t\t<\/div>\n\t\t<div id=\"e-n-tab-content-1891997143\" role=\"tabpanel\" aria-labelledby=\"e-n-tab-title-1891997143\" data-tab-index=\"3\" style=\"--n-tabs-title-order: 3;\" class=\" elementor-element elementor-element-86f2752 e-con-full e-flex e-con e-child\" data-id=\"86f2752\" data-element_type=\"container\" data-e-type=\"container\">\n\t\t\t\t<div class=\"elementor-element elementor-element-4c9a6f5 elementor-widget elementor-widget-text-editor\" data-id=\"4c9a6f5\" data-element_type=\"widget\" data-e-type=\"widget\" data-widget_type=\"text-editor.default\">\n\t\t\t\t<div class=\"elementor-widget-container\">\n\t\t\t\t\t\t\t\t\t<p><span class=\"TextRun SCXW20324109 BCX8\" lang=\"PT-PT\" xml:lang=\"PT-PT\" data-contrast=\"auto\"><span class=\"NormalTextRun SCXW20324109 BCX8\">As pr\u00e1ticas discriminat\u00f3rias e os <\/span><span class=\"NormalTextRun SpellingErrorV2Themed SCXW20324109 BCX8\">actos<\/span><span class=\"NormalTextRun SCXW20324109 BCX8\"> de viol\u00eancia por motivo discriminat\u00f3rio, sobretudo quando n\u00e3o s\u00e3o <\/span><span class=\"NormalTextRun SCXW20324109 BCX8\">combatidos e punidos<\/span><span class=\"NormalTextRun SCXW20324109 BCX8\">, <\/span><span class=\"NormalTextRun SpellingErrorV2Themed SCXW20324109 BCX8\">afectam<\/span><span class=\"NormalTextRun SCXW20324109 BCX8\"> negativamente os valores democr\u00e1ticos e enfraquecem a confian\u00e7a social. Ao contr\u00e1rio de outras formas de viol\u00eancia, a discrimina\u00e7\u00e3o <\/span><span class=\"NormalTextRun SCXW20324109 BCX8\">cria<\/span><span class=\"NormalTextRun SCXW20324109 BCX8\"> sistemas de exclus\u00e3o que afetam<\/span><span class=\"NormalTextRun SCXW20324109 BCX8\"> a coes\u00e3o social<\/span><span class=\"NormalTextRun SCXW20324109 BCX8\"> e<\/span><span class=\"NormalTextRun SCXW20324109 BCX8\"> a<\/span><span class=\"NormalTextRun SCXW20324109 BCX8\"> ideia de<\/span><span class=\"NormalTextRun SCXW20324109 BCX8\"> justi\u00e7a<\/span><span class=\"NormalTextRun SCXW20324109 BCX8\">, tendo efeitos negativos em todas as dimens\u00f5es da sociedade.<\/span><\/span><span class=\"EOP SCXW20324109 BCX8\" data-ccp-props=\"{&quot;134233117&quot;:false,&quot;134233118&quot;:false,&quot;201341983&quot;:0,&quot;335551550&quot;:1,&quot;335551620&quot;:1,&quot;335559737&quot;:0,&quot;335559738&quot;:0,&quot;335559739&quot;:160,&quot;335559740&quot;:259}\">\u00a0<\/span><\/p>\t\t\t\t\t\t\t\t<\/div>\n\t\t\t\t<\/div>\n\t\t\t\t<\/div>\n\t\t\t\t\t<\/div>\n\t\t<\/div>\n\t\t\t\t\t\t<\/div>\n\t\t\t\t<\/div>\n\t\t\t\t<\/div>\n\t\t\t\t\t<\/div>\n\t\t\t\t<\/div>\n\t\t\t\t<\/div>\n\t\t","protected":false},"excerpt":{"rendered":"<p>As consequ\u00eancias e o impacto da discrimina\u00e7\u00e3o e dos crimes de \u00f3dio s\u00e3o profundos e multifacetados \u2014 afetando n\u00e3o apenas as v\u00edtimas diretas, mas tamb\u00e9m comunidades inteiras e a pr\u00f3pria coes\u00e3o social. Para al\u00e9m do impacto concreto em termos de exclus\u00e3o e limita\u00e7\u00e3o de acesso a oportunidades e direitos, o impacto psicol\u00f3gico e social \u00e9 [&hellip;]<\/p>\n","protected":false},"author":2,"featured_media":0,"parent":0,"menu_order":0,"comment_status":"closed","ping_status":"closed","template":"","meta":{"footnotes":""},"class_list":["post-240","page","type-page","status-publish","hentry"],"_links":{"self":[{"href":"https:\/\/precisodeajuda.pt\/discriminacao\/wp-json\/wp\/v2\/pages\/240","targetHints":{"allow":["GET"]}}],"collection":[{"href":"https:\/\/precisodeajuda.pt\/discriminacao\/wp-json\/wp\/v2\/pages"}],"about":[{"href":"https:\/\/precisodeajuda.pt\/discriminacao\/wp-json\/wp\/v2\/types\/page"}],"author":[{"embeddable":true,"href":"https:\/\/precisodeajuda.pt\/discriminacao\/wp-json\/wp\/v2\/users\/2"}],"replies":[{"embeddable":true,"href":"https:\/\/precisodeajuda.pt\/discriminacao\/wp-json\/wp\/v2\/comments?post=240"}],"version-history":[{"count":13,"href":"https:\/\/precisodeajuda.pt\/discriminacao\/wp-json\/wp\/v2\/pages\/240\/revisions"}],"predecessor-version":[{"id":379,"href":"https:\/\/precisodeajuda.pt\/discriminacao\/wp-json\/wp\/v2\/pages\/240\/revisions\/379"}],"wp:attachment":[{"href":"https:\/\/precisodeajuda.pt\/discriminacao\/wp-json\/wp\/v2\/media?parent=240"}],"curies":[{"name":"wp","href":"https:\/\/api.w.org\/{rel}","templated":true}]}}