{"id":231,"date":"2025-08-08T10:36:06","date_gmt":"2025-08-08T10:36:06","guid":{"rendered":"https:\/\/precisodeajuda.pt\/discriminacao\/?page_id=231"},"modified":"2025-09-15T14:52:36","modified_gmt":"2025-09-15T14:52:36","slug":"como-acontece-1","status":"publish","type":"page","link":"https:\/\/precisodeajuda.pt\/discriminacao\/como-acontece-1\/","title":{"rendered":"Como acontece"},"content":{"rendered":"\t\t<div data-elementor-type=\"wp-page\" data-elementor-id=\"231\" class=\"elementor elementor-231\" data-elementor-post-type=\"page\">\n\t\t\t\t<div class=\"elementor-element elementor-element-66be6aed e-flex e-con-boxed e-con e-parent\" data-id=\"66be6aed\" data-element_type=\"container\" data-e-type=\"container\" data-settings=\"{&quot;background_background&quot;:&quot;classic&quot;}\">\n\t\t\t\t\t<div class=\"e-con-inner\">\n\t\t<div class=\"elementor-element elementor-element-36a51564 e-con-full e-flex e-con e-child\" data-id=\"36a51564\" data-element_type=\"container\" data-e-type=\"container\">\n\t\t\t\t<\/div>\n\t\t\t\t\t<\/div>\n\t\t\t\t<\/div>\n\t\t<div class=\"elementor-element elementor-element-f0900e5 e-flex e-con-boxed e-con e-parent\" data-id=\"f0900e5\" data-element_type=\"container\" data-e-type=\"container\" data-settings=\"{&quot;background_background&quot;:&quot;classic&quot;}\">\n\t\t\t\t\t<div class=\"e-con-inner\">\n\t\t<div class=\"elementor-element elementor-element-2d1c69f3 e-con-full e-flex e-con e-child\" data-id=\"2d1c69f3\" data-element_type=\"container\" data-e-type=\"container\">\n\t\t\t\t<div class=\"elementor-element elementor-element-76716556 elementor-widget elementor-widget-heading\" data-id=\"76716556\" data-element_type=\"widget\" data-e-type=\"widget\" data-widget_type=\"heading.default\">\n\t\t\t\t<div class=\"elementor-widget-container\">\n\t\t\t\t\t<div class=\"elementor-heading-title elementor-size-default\">Como acontece?<\/div>\t\t\t\t<\/div>\n\t\t\t\t<\/div>\n\t\t\t\t<div class=\"elementor-element elementor-element-80385ca elementor-widget elementor-widget-heading\" data-id=\"80385ca\" data-element_type=\"widget\" data-e-type=\"widget\" data-widget_type=\"heading.default\">\n\t\t\t\t<div class=\"elementor-widget-container\">\n\t\t\t\t\t<h3 class=\"elementor-heading-title elementor-size-default\">Crimes de \u00d3dio<\/h3>\t\t\t\t<\/div>\n\t\t\t\t<\/div>\n\t\t\t\t<div class=\"elementor-element elementor-element-b5101e1 elementor-widget elementor-widget-text-editor\" data-id=\"b5101e1\" data-element_type=\"widget\" data-e-type=\"widget\" data-widget_type=\"text-editor.default\">\n\t\t\t\t<div class=\"elementor-widget-container\">\n\t\t\t\t\t\t\t\t\t<p class=\"s4\">Sempre que uma pessoa \u00e9 v\u00edtima de um crime cometido por motivo discriminat\u00f3rio enquadra-se no conceito de crime de \u00f3dio. No entanto, n\u00e3o existindo este conceito na legisla\u00e7\u00e3o portuguesa, podemos considerar aqui todas as situa\u00e7\u00f5es de viol\u00eancia discriminat\u00f3ria.<\/p><p class=\"s4\">Os actos de viol\u00eancia discriminat\u00f3ria incluem todas as formas de crime e viol\u00eancia cometidos contra uma pessoa ou grupo de pessoas com base em preconceito relativo \u00e0s suas caracter\u00edsticas e\/ou perten\u00e7a (real ou percebida) a determidado grupo (Ex.: pessoas migrantes). Estes actos s\u00e3o geralmente cometidos com base em atitudes racistas, sexistas, xen\u00f3fobas, homofobicas, transf\u00f3bicas e outras que se baseiam em esteri\u00f3tipose ideias negativas. Incluem-se formas de viol\u00eancia dirigidas a pessoas ou grupos de pessoas, mas tamb\u00e9m a bens (Ex.: actos de vandalismo de edificios ou monumentos). As mais frequentes s\u00e3o:<\/p><ul><li class=\"s4\">Ofensas verbais<\/li><li class=\"s4\">Amea\u00e7as<\/li><li class=\"s4\">Difama\u00e7\u00e3o<\/li><li class=\"s4\">Dano<\/li><li class=\"s4\">Crimes sexuais<\/li><li class=\"s4\">Agress\u00f5es f\u00edsicas<\/li><li class=\"s4\">Homicidio<\/li><li class=\"s4\">Persegui\u00e7\u00e3o<\/li><\/ul><p class=\"s4\"><span class=\"s39\"><br \/>Todos <\/span><span class=\"s39\">estes <\/span><span class=\"s39\">actos<\/span><span class=\"s39\"> constituem crime em Portugal e embora a maioria n\u00e3o preveja um enquadramento <\/span><span class=\"s39\">legal <\/span><span class=\"s39\">espec\u00edfico por s<\/span><span class=\"s39\">erem cometidas por motivo discriminat\u00f3rio, podem e devem ser alvo de queixa-crime<\/span><span class=\"s39\">.<\/span><\/p>\t\t\t\t\t\t\t\t<\/div>\n\t\t\t\t<\/div>\n\t\t\t\t<\/div>\n\t\t\t\t\t<\/div>\n\t\t\t\t<\/div>\n\t\t<div class=\"elementor-element elementor-element-add309f e-flex e-con-boxed e-con e-parent\" data-id=\"add309f\" data-element_type=\"container\" data-e-type=\"container\" data-settings=\"{&quot;background_background&quot;:&quot;classic&quot;}\">\n\t\t\t\t\t<div class=\"e-con-inner\">\n\t\t<div class=\"elementor-element elementor-element-21d0c1f e-con-full e-flex e-con e-child\" data-id=\"21d0c1f\" data-element_type=\"container\" data-e-type=\"container\">\n\t\t\t\t<div class=\"elementor-element elementor-element-a1467a5 elementor-widget elementor-widget-heading\" data-id=\"a1467a5\" data-element_type=\"widget\" data-e-type=\"widget\" data-widget_type=\"heading.default\">\n\t\t\t\t<div class=\"elementor-widget-container\">\n\t\t\t\t\t<h2 class=\"elementor-heading-title elementor-size-default\">Discurso de \u00f3dio<\/h2>\t\t\t\t<\/div>\n\t\t\t\t<\/div>\n\t\t\t\t<div class=\"elementor-element elementor-element-e00904c elementor-widget elementor-widget-text-editor\" data-id=\"e00904c\" data-element_type=\"widget\" data-e-type=\"widget\" data-widget_type=\"text-editor.default\">\n\t\t\t\t<div class=\"elementor-widget-container\">\n\t\t\t\t\t\t\t\t\t<p>Em Portugal, o discurso de \u00f3dio engloba todas as formas de comunica\u00e7\u00e3o que publicamente propaguem incitem ou promovam a discrimina\u00e7\u00e3o e a viol\u00eancia contra uma pessoa ou grupo de pessoas com base nas suas caracter\u00edsticas e\/ou circunst\u00e2ncias.\u00c9 crime p\u00fablico e por isso pode ser denunciado por qualquer pessoa que dele tenha conhecimento.<\/p>\n<p>Acontece sempre que s\u00e3o proferidas ofensas, amea\u00e7as, afirma\u00e7\u00f5es e informa\u00e7\u00e3o falsa ebaseada em generaliza\u00e7\u00f5es e em estere\u00f3tipos negativos, que promovam o preconceito, a exclus\u00e3o, a desumaniza\u00e7\u00e3o e a viol\u00eancia, de forma p\u00fablica e\/ou destinada \u00e0 divulga\u00e7\u00e3o. Aqui incluem-se, por exemplo:<\/p>\n<ul>\n<li>Discursos e propaganda pol\u00edtica<\/li>\n<li>Comunica\u00e7\u00e3o social, atrav\u00e9s de meios tradicionais (jornais, televis\u00e3o, r\u00e1dio)<\/li>\n<li>Redes sociais (incluindo publica\u00e7\u00f5es escritas, imagens, v\u00eddeos e coment\u00e1rios)<\/li>\n<li>Plataformas e grupos online<\/li>\n<li>Podcasts<\/li>\n<li>Manifesta\u00e7\u00f5es de rua<\/li>\n<li>Ac\u00e7\u00f5es que interrompem eventos culturais, religiosos e acad\u00e9micos<\/li>\n<li>Express\u00f5es e s\u00edmbolos violentos e discriminat\u00f3rios escritos em espa\u00e7os publicos(incluindo cartazes, panfletos e graffiti)<\/li>\n<\/ul>\n<p>O <a href=\"https:\/\/apav.pt\/cibercrime\/index.php\/fui-vitima\" target=\"_blank\" rel=\"noopener\">discurso de \u00f3dio online<\/a> tem aumentado de forma muito preocupante, tornando a internet no contexto em que actualmente mais acontece. Por este motivo, t\u00eam sido criados cada vez mais mecanismos de dete\u00e7\u00e3o, monitoriza\u00e7ao, remo\u00e7\u00e3o e penaliza\u00e7\u00e3o destes actos, incluindo a responsabiliza\u00e7\u00e3o de redes sociais e plataformas online pelo combate a este fen\u00f3meno.<\/p>\n<p>Quando o discurso de \u00f3dio acontece em privado, por exemplo numa conversa entre duas pessoas, online ou offline, n\u00e3o \u00e9 enquadrado legalmente da mesma forma, podendo no entanto ser considerado crime (Ex: inj\u00farias e amea\u00e7as).<\/p>\n<p><\/p>\t\t\t\t\t\t\t\t<\/div>\n\t\t\t\t<\/div>\n\t\t\t\t<\/div>\n\t\t<div class=\"elementor-element elementor-element-2372b4c e-con-full e-flex elementor-invisible e-con e-child\" data-id=\"2372b4c\" data-element_type=\"container\" data-e-type=\"container\" data-settings=\"{&quot;background_background&quot;:&quot;classic&quot;,&quot;animation&quot;:&quot;fadeIn&quot;}\">\n\t\t\t\t<\/div>\n\t\t\t\t\t<\/div>\n\t\t\t\t<\/div>\n\t\t<div class=\"elementor-element elementor-element-bc7bd04 e-flex e-con-boxed e-con e-parent\" data-id=\"bc7bd04\" data-element_type=\"container\" data-e-type=\"container\" data-settings=\"{&quot;background_background&quot;:&quot;classic&quot;}\">\n\t\t\t\t\t<div class=\"e-con-inner\">\n\t\t<div class=\"elementor-element elementor-element-2e82605 e-con-full e-flex e-con e-child\" data-id=\"2e82605\" data-element_type=\"container\" data-e-type=\"container\">\n\t\t\t\t<div class=\"elementor-element elementor-element-30974b4 elementor-widget elementor-widget-heading\" data-id=\"30974b4\" data-element_type=\"widget\" data-e-type=\"widget\" data-widget_type=\"heading.default\">\n\t\t\t\t<div class=\"elementor-widget-container\">\n\t\t\t\t\t<h3 class=\"elementor-heading-title elementor-size-default\">Discrimina\u00e7\u00e3o<\/h3>\t\t\t\t<\/div>\n\t\t\t\t<\/div>\n\t\t\t\t<div class=\"elementor-element elementor-element-0ce35e7 elementor-widget elementor-widget-text-editor\" data-id=\"0ce35e7\" data-element_type=\"widget\" data-e-type=\"widget\" data-widget_type=\"text-editor.default\">\n\t\t\t\t<div class=\"elementor-widget-container\">\n\t\t\t\t\t\t\t\t\t<p class=\"p1\">\u00c9 frequente que grupos e pessoas mais vulner\u00e1veis a pr\u00e1ticas discriminat\u00f3rias encontrem limita\u00e7\u00f5es ou impedimento de acesso a bens, servi\u00e7os e direitos fundamentais. Estas pr\u00e1ticas n\u00e3o s\u00e3o consideradas crime, mas contraordena\u00e7\u00f5es. Podem e devem ser alvo de queixa ou denuncia dirigida a v\u00e1rias entidades, dependendo do contexto em que acontecem e das pessoas ou caracter\u00edsticas alvo de discrimina\u00e7\u00e3o. Oscontextos mais comuns e que causam maior impacto s\u00e3o:<\/p>\t\t\t\t\t\t\t\t<\/div>\n\t\t\t\t<\/div>\n\t\t\t\t<div class=\"elementor-element elementor-element-19fc204 elementor-widget__width-inherit e-n-tabs-mobile elementor-widget elementor-widget-n-tabs\" data-id=\"19fc204\" data-element_type=\"widget\" data-e-type=\"widget\" data-settings=\"{&quot;tabs_justify_horizontal_widescreen&quot;:&quot;start&quot;,&quot;tabs_justify_horizontal&quot;:&quot;start&quot;,&quot;horizontal_scroll&quot;:&quot;enable&quot;}\" data-widget_type=\"nested-tabs.default\">\n\t\t\t\t<div class=\"elementor-widget-container\">\n\t\t\t\t\t\t\t<div class=\"e-n-tabs\" data-widget-number=\"27247108\" aria-label=\"Tabs. Open items with Enter or Space, close with Escape and navigate using the Arrow keys.\">\n\t\t\t<div class=\"e-n-tabs-heading\" role=\"tablist\">\n\t\t\t\t\t<button id=\"e-n-tab-title-272471081\" data-tab-title-id=\"e-n-tab-title-272471081\" class=\"e-n-tab-title\" aria-selected=\"true\" data-tab-index=\"1\" role=\"tab\" tabindex=\"0\" aria-controls=\"e-n-tab-content-272471081\" style=\"--n-tabs-title-order: 1;\">\n\t\t\t\t\t\t<span class=\"e-n-tab-title-text\">\n\t\t\t\tHabita\u00e7\u00e3o\t\t\t<\/span>\n\t\t<\/button>\n\t\t\t\t<button id=\"e-n-tab-title-272471082\" data-tab-title-id=\"e-n-tab-title-272471082\" class=\"e-n-tab-title\" aria-selected=\"false\" data-tab-index=\"2\" role=\"tab\" tabindex=\"-1\" aria-controls=\"e-n-tab-content-272471082\" style=\"--n-tabs-title-order: 2;\">\n\t\t\t\t\t\t<span class=\"e-n-tab-title-text\">\n\t\t\t\tSa\u00fade\t\t\t<\/span>\n\t\t<\/button>\n\t\t\t\t<button id=\"e-n-tab-title-272471083\" data-tab-title-id=\"e-n-tab-title-272471083\" class=\"e-n-tab-title\" aria-selected=\"false\" data-tab-index=\"3\" role=\"tab\" tabindex=\"-1\" aria-controls=\"e-n-tab-content-272471083\" style=\"--n-tabs-title-order: 3;\">\n\t\t\t\t\t\t<span class=\"e-n-tab-title-text\">\n\t\t\t\tJusti\u00e7a\t\t\t<\/span>\n\t\t<\/button>\n\t\t\t\t<button id=\"e-n-tab-title-272471084\" data-tab-title-id=\"e-n-tab-title-272471084\" class=\"e-n-tab-title\" aria-selected=\"false\" data-tab-index=\"4\" role=\"tab\" tabindex=\"-1\" aria-controls=\"e-n-tab-content-272471084\" style=\"--n-tabs-title-order: 4;\">\n\t\t\t\t\t\t<span class=\"e-n-tab-title-text\">\n\t\t\t\tTrabalho\t\t\t<\/span>\n\t\t<\/button>\n\t\t\t\t\t<\/div>\n\t\t\t<div class=\"e-n-tabs-content\">\n\t\t\t\t<div id=\"e-n-tab-content-272471081\" role=\"tabpanel\" aria-labelledby=\"e-n-tab-title-272471081\" data-tab-index=\"1\" style=\"--n-tabs-title-order: 1;\" class=\"e-active elementor-element elementor-element-5c96029 e-con-full e-flex e-con e-child\" data-id=\"5c96029\" data-element_type=\"container\" data-e-type=\"container\">\n\t\t\t\t<div class=\"elementor-element elementor-element-a37f83c elementor-widget elementor-widget-text-editor\" data-id=\"a37f83c\" data-element_type=\"widget\" data-e-type=\"widget\" data-widget_type=\"text-editor.default\">\n\t\t\t\t<div class=\"elementor-widget-container\">\n\t\t\t\t\t\t\t\t\t<ul><li>Acesso \u00e0 habita\u00e7\u00e3o:<ul><li>Recusa de arrendamento (explicita ou impl\u00edcita)<\/li><li>An\u00fancios discriminat\u00f3rios<\/li><li>Exig\u00eancia de requisitos e garantias injustificadas e\/ou desproporcionais<br \/><br \/><\/li><\/ul><\/li><li>Estabilidade e condi\u00e7\u00f5es habitacionais:<ul><li>Contratos inexistentes ou informais<\/li><li>Ass\u00e9dio por parte de senhorios ou outros agentes no mercado imobili\u00e1rio<\/li><li>Despejos repentinos ou altera\u00e7\u00f5es contratuais<\/li><li>Habita\u00e7\u00f5es degradadas e com falta de condi\u00e7\u00f5es de seguran\u00e7a, higiene e conforto;<\/li><li>Pre\u00e7os desproporcionais \u00e0s condi\u00e7\u00f5es da habita\u00e7\u00e3o<\/li><li>Falta de habita\u00e7\u00f5es adaptadas a defici\u00eancias, doen\u00e7a e\/ou idade<\/li><\/ul><\/li><\/ul>\t\t\t\t\t\t\t\t<\/div>\n\t\t\t\t<\/div>\n\t\t\t\t<\/div>\n\t\t<div id=\"e-n-tab-content-272471082\" role=\"tabpanel\" aria-labelledby=\"e-n-tab-title-272471082\" data-tab-index=\"2\" style=\"--n-tabs-title-order: 2;\" class=\" elementor-element elementor-element-2ed39ba e-con-full e-flex e-con e-child\" data-id=\"2ed39ba\" data-element_type=\"container\" data-e-type=\"container\">\n\t\t\t\t<div class=\"elementor-element elementor-element-5d57a7a elementor-widget elementor-widget-text-editor\" data-id=\"5d57a7a\" data-element_type=\"widget\" data-e-type=\"widget\" data-widget_type=\"text-editor.default\">\n\t\t\t\t<div class=\"elementor-widget-container\">\n\t\t\t\t\t\t\t\t\t<ul><li>Acesso a cuidados de sa\u00fade<ul><li>Recusa ou dificuldades de inscri\u00e7\u00e3o no SNS<\/li><li>Barreiras lingu\u00edsticas e\/ou culturais<\/li><li>Desinforma\u00e7\u00e3o e\/ou neglig\u00eancia na presta\u00e7\u00e3o de informa\u00e7\u00e3o<\/li><li>Preconceito por parte de profissionais de sa\u00fade<br \/><br \/><\/li><\/ul><\/li><li>Estabilidade e condi\u00e7\u00f5es dos cuidados de sa\u00fade:<ul><li>Atendimento pontual sem perspetiva de continuidade;<\/li><li>Atitudes hostis e\/ou preconceituosas;<\/li><li>Neglig\u00eancia no diagn\u00f3stico, no tratamento e\/ou na presta\u00e7\u00e3o de informa\u00e7\u00e3o;<\/li><li>Falta de informa\u00e7\u00e3o intercultural;<\/li><li>Viol\u00eancia obst\u00e9trica<\/li><li>Aus\u00eancia de cuidados adaptados<\/li><\/ul><\/li><\/ul>\t\t\t\t\t\t\t\t<\/div>\n\t\t\t\t<\/div>\n\t\t\t\t<\/div>\n\t\t<div id=\"e-n-tab-content-272471083\" role=\"tabpanel\" aria-labelledby=\"e-n-tab-title-272471083\" data-tab-index=\"3\" style=\"--n-tabs-title-order: 3;\" class=\" elementor-element elementor-element-21d918a e-con-full e-flex e-con e-child\" data-id=\"21d918a\" data-element_type=\"container\" data-e-type=\"container\">\n\t\t\t\t<div class=\"elementor-element elementor-element-43c9dba elementor-widget elementor-widget-text-editor\" data-id=\"43c9dba\" data-element_type=\"widget\" data-e-type=\"widget\" data-widget_type=\"text-editor.default\">\n\t\t\t\t<div class=\"elementor-widget-container\">\n\t\t\t\t\t\t\t\t\t<ul><li>Acesso \u00e0 justi\u00e7a:<ul><li>Falta de informa\u00e7\u00e3o acess\u00edvel;<\/li><li>Desconhecimento dos direitos, inclusive por parte de profissionais<\/li><li>Dificuldade ou impossibilidade de acesso a apoio judici\u00e1rio gratuito;<\/li><li>Medo de repres\u00e1lias e\/ou consequ\u00eancias<br \/><br \/><\/li><\/ul><\/li><li>Estabilidade e continuidade nos processos judiciais:<ul><li>Desigualdade no tratamento processual<\/li><li>Barreiras lingu\u00edsticas<\/li><li>Neglig\u00eancia na an\u00e1lise da gravidade de situa\u00e7\u00f5es de vitima\u00e7\u00e3o<\/li><li>Estere\u00f3tipos e preconceitos nos tribunais<\/li><li>Situa\u00e7\u00f5es de vitima\u00e7\u00e3o secund\u00e1ria;<\/li><li>Aus\u00eancia de pr\u00e1ticas interseccionais, que ignoram a vulnerabilidade das v\u00edtimas;<\/li><li>Condena\u00e7\u00f5es ou medidas mais severas para algumas pessoas<\/li><\/ul><\/li><\/ul>\t\t\t\t\t\t\t\t<\/div>\n\t\t\t\t<\/div>\n\t\t\t\t<\/div>\n\t\t<div id=\"e-n-tab-content-272471084\" role=\"tabpanel\" aria-labelledby=\"e-n-tab-title-272471084\" data-tab-index=\"4\" style=\"--n-tabs-title-order: 4;\" class=\" elementor-element elementor-element-36943b5 e-con-full e-flex e-con e-child\" data-id=\"36943b5\" data-element_type=\"container\" data-e-type=\"container\">\n\t\t\t\t<div class=\"elementor-element elementor-element-e562bb1 elementor-widget elementor-widget-text-editor\" data-id=\"e562bb1\" data-element_type=\"widget\" data-e-type=\"widget\" data-widget_type=\"text-editor.default\">\n\t\t\t\t<div class=\"elementor-widget-container\">\n\t\t\t\t\t\t\t\t\t<ul><li>Acesso ao trabalho e emprego:<ul><li>Processos de recrutamento discriminat\u00f3rios;<\/li><li>Exclus\u00e3o directa;<\/li><li>Esteri\u00f3tipos e preconceitos sobre compet\u00eancias com base em caracter\u00edsticas irrelevantes para o cargo<br \/><br \/><\/li><\/ul><\/li><li>Estabilidade e continuidade nos processos judiciais:<ul><li>Contratos prec\u00e1rios ou aus\u00eancia de contratos<\/li><li>Ass\u00e9dio;<\/li><li>Diferen\u00e7as salariais<\/li><li>Despedimentos injustificados<\/li><li>Acesso desigual a progress\u00e3o<\/li><\/ul><\/li><\/ul>\t\t\t\t\t\t\t\t<\/div>\n\t\t\t\t<\/div>\n\t\t\t\t<\/div>\n\t\t\t\t\t<\/div>\n\t\t<\/div>\n\t\t\t\t\t\t<\/div>\n\t\t\t\t<\/div>\n\t\t\t\t<\/div>\n\t\t\t\t\t<\/div>\n\t\t\t\t<\/div>\n\t\t\t\t<\/div>\n\t\t","protected":false},"excerpt":{"rendered":"<p>Como acontece? Crimes de \u00d3dio Sempre que uma pessoa \u00e9 v\u00edtima de um crime cometido por motivo discriminat\u00f3rio enquadra-se no conceito de crime de \u00f3dio. No entanto, n\u00e3o existindo este conceito na legisla\u00e7\u00e3o portuguesa, podemos considerar aqui todas as situa\u00e7\u00f5es de viol\u00eancia discriminat\u00f3ria. Os actos de viol\u00eancia discriminat\u00f3ria incluem todas as formas de crime e [&hellip;]<\/p>\n","protected":false},"author":1,"featured_media":0,"parent":0,"menu_order":0,"comment_status":"closed","ping_status":"closed","template":"","meta":{"footnotes":""},"class_list":["post-231","page","type-page","status-publish","hentry"],"_links":{"self":[{"href":"https:\/\/precisodeajuda.pt\/discriminacao\/wp-json\/wp\/v2\/pages\/231","targetHints":{"allow":["GET"]}}],"collection":[{"href":"https:\/\/precisodeajuda.pt\/discriminacao\/wp-json\/wp\/v2\/pages"}],"about":[{"href":"https:\/\/precisodeajuda.pt\/discriminacao\/wp-json\/wp\/v2\/types\/page"}],"author":[{"embeddable":true,"href":"https:\/\/precisodeajuda.pt\/discriminacao\/wp-json\/wp\/v2\/users\/1"}],"replies":[{"embeddable":true,"href":"https:\/\/precisodeajuda.pt\/discriminacao\/wp-json\/wp\/v2\/comments?post=231"}],"version-history":[{"count":24,"href":"https:\/\/precisodeajuda.pt\/discriminacao\/wp-json\/wp\/v2\/pages\/231\/revisions"}],"predecessor-version":[{"id":385,"href":"https:\/\/precisodeajuda.pt\/discriminacao\/wp-json\/wp\/v2\/pages\/231\/revisions\/385"}],"wp:attachment":[{"href":"https:\/\/precisodeajuda.pt\/discriminacao\/wp-json\/wp\/v2\/media?parent=231"}],"curies":[{"name":"wp","href":"https:\/\/api.w.org\/{rel}","templated":true}]}}